{"id":8786,"date":"2022-07-15T07:52:11","date_gmt":"2022-07-15T07:52:11","guid":{"rendered":"https:\/\/nabogo.com\/?page_id=8786"},"modified":"2026-03-25T16:02:51","modified_gmt":"2026-03-25T15:02:51","slug":"kontaktformular-kommune","status":"publish","type":"page","link":"https:\/\/nabogo.com\/da\/kontaktformular-kommune\/","title":{"rendered":"Kontaktformular &#8211; kommune"},"content":{"rendered":"\t\t<div data-elementor-type=\"wp-page\" data-elementor-id=\"8786\" class=\"elementor elementor-8786\" wpc-filter-elementor-widget=\"1\" data-elementor-post-type=\"page\">\n\t\t\t\t\t\t<section class=\"elementor-section elementor-top-section elementor-element elementor-element-617b88d elementor-section-content-middle elementor-section-boxed elementor-section-height-default elementor-section-height-default\" data-id=\"617b88d\" data-element_type=\"section\" data-e-type=\"section\" data-settings=\"{&quot;background_background&quot;:&quot;classic&quot;}\">\n\t\t\t\t\t\t<div class=\"elementor-container elementor-column-gap-default\">\n\t\t\t\t\t<div class=\"elementor-column elementor-col-50 elementor-top-column elementor-element elementor-element-658ea2d\" data-id=\"658ea2d\" data-element_type=\"column\" data-e-type=\"column\">\n\t\t\t<div class=\"elementor-widget-wrap elementor-element-populated\">\n\t\t\t\t\t\t<div class=\"elementor-element elementor-element-31fbe1a elementor-widget elementor-widget-heading\" data-id=\"31fbe1a\" data-element_type=\"widget\" data-e-type=\"widget\" data-widget_type=\"heading.default\">\n\t\t\t\t<div class=\"elementor-widget-container\">\n\t\t\t\t\t<h1 class=\"elementor-heading-title elementor-size-default\">Vil du vide mere om vores tilbud til kommuner?<\/h1>\t\t\t\t<\/div>\n\t\t\t\t<\/div>\n\t\t\t\t<div class=\"elementor-element elementor-element-829883e elementor-widget elementor-widget-text-editor\" data-id=\"829883e\" data-element_type=\"widget\" data-e-type=\"widget\" data-widget_type=\"text-editor.default\">\n\t\t\t\t<div class=\"elementor-widget-container\">\n\t\t\t\t\t\t\t\t\t<p style=\"text-align: center;\">Er du nysgerrig p\u00e5 at h\u00f8re, hvad samk\u00f8rsel<br \/>kan\u00a0g\u00f8re for netop jeres kommune, st\u00e5r vi klar til en uforpligtende snak.<\/p><p style=\"text-align: center;\">Udfyld blot formularen, s\u00e5 kontakter vi dig hurtigst muligt.<\/p>\t\t\t\t\t\t\t\t<\/div>\n\t\t\t\t<\/div>\n\t\t\t\t<div class=\"elementor-element elementor-element-f77de97 elementor-button-align-center elementor-widget elementor-widget-form\" data-id=\"f77de97\" data-element_type=\"widget\" data-e-type=\"widget\" data-settings=\"{&quot;step_next_label&quot;:&quot;Next&quot;,&quot;step_previous_label&quot;:&quot;Previous&quot;,&quot;button_width&quot;:&quot;100&quot;,&quot;step_type&quot;:&quot;number_text&quot;,&quot;step_icon_shape&quot;:&quot;circle&quot;}\" data-widget_type=\"form.default\">\n\t\t\t\t<div class=\"elementor-widget-container\">\n\t\t\t\t\t\t\t<form class=\"elementor-form\" method=\"post\" name=\"Contact Form\" aria-label=\"Contact Form\">\n\t\t\t<input type=\"hidden\" name=\"post_id\" value=\"8786\"\/>\n\t\t\t<input type=\"hidden\" name=\"form_id\" value=\"f77de97\"\/>\n\t\t\t<input type=\"hidden\" name=\"referer_title\" value=\"nabogo | Kontaktformular - kommune\" \/>\n\n\t\t\t\t\t\t\t<input type=\"hidden\" name=\"queried_id\" value=\"8786\"\/>\n\t\t\t\n\t\t\t<div class=\"elementor-form-fields-wrapper elementor-labels-above\">\n\t\t\t\t\t\t\t\t<div class=\"elementor-field-type-text elementor-field-group elementor-column elementor-field-group-field_74db148 elementor-col-50 elementor-field-required elementor-mark-required\">\n\t\t\t\t\t\t\t\t\t\t\t\t<label for=\"form-field-field_74db148\" class=\"elementor-field-label\">\n\t\t\t\t\t\t\t\tNavn\t\t\t\t\t\t\t<\/label>\n\t\t\t\t\t\t\t\t\t\t\t\t\t\t<input size=\"1\" type=\"text\" name=\"form_fields[field_74db148]\" id=\"form-field-field_74db148\" class=\"elementor-field elementor-size-sm  elementor-field-textual\" placeholder=\"Navn\" required=\"required\">\n\t\t\t\t\t\t\t\t\t\t\t<\/div>\n\t\t\t\t\t\t\t\t<div class=\"elementor-field-type-email elementor-field-group elementor-column elementor-field-group-email elementor-col-50 elementor-field-required elementor-mark-required\">\n\t\t\t\t\t\t\t\t\t\t\t\t<label for=\"form-field-email\" class=\"elementor-field-label\">\n\t\t\t\t\t\t\t\tE-mail\t\t\t\t\t\t\t<\/label>\n\t\t\t\t\t\t\t\t\t\t\t\t\t\t<input size=\"1\" type=\"email\" name=\"form_fields[email]\" id=\"form-field-email\" class=\"elementor-field elementor-size-sm  elementor-field-textual\" placeholder=\"E-mail\" required=\"required\">\n\t\t\t\t\t\t\t\t\t\t\t<\/div>\n\t\t\t\t\t\t\t\t<div class=\"elementor-field-type-text elementor-field-group elementor-column elementor-field-group-field_cb9bfa1 elementor-col-50\">\n\t\t\t\t\t\t\t\t\t\t\t\t<label for=\"form-field-field_cb9bfa1\" class=\"elementor-field-label\">\n\t\t\t\t\t\t\t\tTlf. nr.\t\t\t\t\t\t\t<\/label>\n\t\t\t\t\t\t\t\t\t\t\t\t\t\t<input size=\"1\" type=\"text\" name=\"form_fields[field_cb9bfa1]\" id=\"form-field-field_cb9bfa1\" class=\"elementor-field elementor-size-sm  elementor-field-textual\" placeholder=\"Tlf. nr\">\n\t\t\t\t\t\t\t\t\t\t\t<\/div>\n\t\t\t\t\t\t\t\t<div class=\"elementor-field-type-textarea elementor-field-group elementor-column elementor-field-group-message elementor-col-100 elementor-field-required elementor-mark-required\">\n\t\t\t\t\t\t\t\t\t\t\t\t<label for=\"form-field-message\" class=\"elementor-field-label\">\n\t\t\t\t\t\t\t\tKommentar\t\t\t\t\t\t\t<\/label>\n\t\t\t\t\t\t<textarea class=\"elementor-field-textual elementor-field  elementor-size-sm\" name=\"form_fields[message]\" id=\"form-field-message\" rows=\"4\" placeholder=\"Skriv venligst et par ord om, hvad du kunne t\u00e6nke dig, at vi dr\u00f8fter.\" required=\"required\"><\/textarea>\t\t\t\t<\/div>\n\t\t\t\t\t\t\t\t<div class=\"elementor-field-type-recaptcha_v3 elementor-field-group elementor-column elementor-field-group-field_8dd0740 elementor-col-100 recaptcha_v3-bottomright\">\n\t\t\t\t\t<div class=\"elementor-field\" id=\"form-field-field_8dd0740\"><div class=\"elementor-g-recaptcha\" data-sitekey=\"6LeCQrsjAAAAAMUiGecle-dEb49QARBN3t9pvJeQ\" data-type=\"v3\" data-action=\"Form\" data-badge=\"bottomright\" data-size=\"invisible\"><\/div><\/div>\t\t\t\t<\/div>\n\t\t\t\t\t\t\t\t<div class=\"elementor-field-group elementor-column elementor-field-type-submit elementor-col-100 e-form__buttons\">\n\t\t\t\t\t<button class=\"elementor-button elementor-size-sm\" type=\"submit\">\n\t\t\t\t\t\t<span class=\"elementor-button-content-wrapper\">\n\t\t\t\t\t\t\t\t\t\t\t\t\t\t\t\t\t\t\t\t\t\t<span class=\"elementor-button-text\">Indsend<\/span>\n\t\t\t\t\t\t\t\t\t\t\t\t\t<\/span>\n\t\t\t\t\t<\/button>\n\t\t\t\t<\/div>\n\t\t\t<\/div>\n\t\t<\/form>\n\t\t\t\t\t\t<\/div>\n\t\t\t\t<\/div>\n\t\t\t\t\t<\/div>\n\t\t<\/div>\n\t\t\t\t<div class=\"elementor-column elementor-col-50 elementor-top-column elementor-element elementor-element-e9b79f8\" data-id=\"e9b79f8\" data-element_type=\"column\" data-e-type=\"column\">\n\t\t\t<div class=\"elementor-widget-wrap elementor-element-populated\">\n\t\t\t\t\t\t<div class=\"elementor-element elementor-element-626478b elementor-widget elementor-widget-image\" data-id=\"626478b\" data-element_type=\"widget\" data-e-type=\"widget\" data-widget_type=\"image.default\">\n\t\t\t\t<div class=\"elementor-widget-container\">\n\t\t\t\t\t\t\t\t\t\t\t\t\t\t\t<img fetchpriority=\"high\" decoding=\"async\" width=\"1000\" height=\"1000\" src=\"https:\/\/nabogo.com\/wp-content\/uploads\/2024\/12\/oliver.jpg\" class=\"attachment-full size-full wp-image-26680\" alt=\"\" srcset=\"https:\/\/nabogo.com\/wp-content\/uploads\/2024\/12\/oliver.jpg 1000w, https:\/\/nabogo.com\/wp-content\/uploads\/2024\/12\/oliver-300x300.jpg 300w, https:\/\/nabogo.com\/wp-content\/uploads\/2024\/12\/oliver-150x150.jpg 150w, https:\/\/nabogo.com\/wp-content\/uploads\/2024\/12\/oliver-768x768.jpg 768w\" sizes=\"(max-width: 1000px) 100vw, 1000px\" \/>\t\t\t\t\t\t\t\t\t\t\t\t\t\t\t<\/div>\n\t\t\t\t<\/div>\n\t\t\t\t<div class=\"elementor-element elementor-element-1f40772 elementor-widget elementor-widget-text-editor\" data-id=\"1f40772\" data-element_type=\"widget\" data-e-type=\"widget\" data-widget_type=\"text-editor.default\">\n\t\t\t\t<div class=\"elementor-widget-container\">\n\t\t\t\t\t\t\t\t\t<p><span style=\"color: #000000;\"><strong>Oliver Mathiasen<br \/><\/strong><\/span><span style=\"color: #000000; font-size: 16px;\">Country Manager DK<\/span><\/p><p style=\"text-align: center;\"><span style=\"color: #000000;\">oliver@nabogo.com<\/span><br \/><span style=\"color: #000000;\">+45 40246130<\/span><\/p>\t\t\t\t\t\t\t\t<\/div>\n\t\t\t\t<\/div>\n\t\t\t\t\t<\/div>\n\t\t<\/div>\n\t\t\t\t\t<\/div>\n\t\t<\/section>\n\t\t\t\t<\/div>\n\t\t","protected":false},"excerpt":{"rendered":"<p>Vil du vide mere om vores tilbud til kommuner? Er du nysgerrig p\u00e5 at h\u00f8re, hvad samk\u00f8rselkan\u00a0g\u00f8re for netop jeres kommune, st\u00e5r vi klar til en uforpligtende snak. Udfyld blot formularen, s\u00e5 kontakter vi dig hurtigst muligt. Oliver MathiasenCountry Manager DK oliver@nabogo.com+45 40246130<\/p>\n","protected":false},"author":8,"featured_media":0,"parent":0,"menu_order":0,"comment_status":"closed","ping_status":"closed","template":"","meta":{"content-type":"","footnotes":""},"class_list":["post-8786","page","type-page","status-publish","hentry"],"yoast_head":"<!-- This site is optimized with the Yoast SEO plugin v27.5 - https:\/\/yoast.com\/product\/yoast-seo-wordpress\/ -->\n<title>nabogo | Kontaktformular - kommune<\/title>\n<meta name=\"robots\" content=\"index, follow, max-snippet:-1, max-image-preview:large, max-video-preview:-1\" \/>\n<link rel=\"canonical\" href=\"https:\/\/nabogo.com\/da\/kontaktformular-kommune\/\" \/>\n<meta property=\"og:locale\" content=\"da_DK\" \/>\n<meta property=\"og:type\" content=\"article\" \/>\n<meta property=\"og:title\" content=\"nabogo | Kontaktformular - kommune\" \/>\n<meta property=\"og:description\" content=\"Vil du vide mere om vores tilbud til kommuner? Er du nysgerrig p\u00e5 at h\u00f8re, hvad samk\u00f8rselkan\u00a0g\u00f8re for netop jeres kommune, st\u00e5r vi klar til en uforpligtende snak. Udfyld blot formularen, s\u00e5 kontakter vi dig hurtigst muligt. Oliver MathiasenCountry Manager DK oliver@nabogo.com+45 40246130\" \/>\n<meta property=\"og:url\" content=\"https:\/\/nabogo.com\/da\/kontaktformular-kommune\/\" \/>\n<meta property=\"og:site_name\" content=\"nabogo\" \/>\n<meta property=\"article:publisher\" content=\"https:\/\/www.facebook.com\/nabogo.dk\/\" \/>\n<meta property=\"article:modified_time\" content=\"2026-03-25T15:02:51+00:00\" \/>\n<meta property=\"og:image\" content=\"https:\/\/nabogo.com\/wp-content\/uploads\/2024\/12\/oliver.jpg\" \/>\n\t<meta property=\"og:image:width\" content=\"1000\" \/>\n\t<meta property=\"og:image:height\" content=\"1000\" \/>\n\t<meta property=\"og:image:type\" content=\"image\/jpeg\" \/>\n<meta name=\"twitter:card\" content=\"summary_large_image\" \/>\n<meta name=\"twitter:site\" content=\"@go_nabo\" \/>\n<meta name=\"twitter:label1\" content=\"Estimeret l\u00e6setid\" \/>\n\t<meta name=\"twitter:data1\" content=\"1 minut\" \/>\n<script type=\"application\/ld+json\" class=\"yoast-schema-graph\">{\"@context\":\"https:\\\/\\\/schema.org\",\"@graph\":[{\"@type\":\"WebPage\",\"@id\":\"https:\\\/\\\/nabogo.com\\\/da\\\/kontaktformular-kommune\\\/\",\"url\":\"https:\\\/\\\/nabogo.com\\\/da\\\/kontaktformular-kommune\\\/\",\"name\":\"nabogo | Kontaktformular - kommune\",\"isPartOf\":{\"@id\":\"https:\\\/\\\/nabogo.com\\\/da\\\/#website\"},\"primaryImageOfPage\":{\"@id\":\"https:\\\/\\\/nabogo.com\\\/da\\\/kontaktformular-kommune\\\/#primaryimage\"},\"image\":{\"@id\":\"https:\\\/\\\/nabogo.com\\\/da\\\/kontaktformular-kommune\\\/#primaryimage\"},\"thumbnailUrl\":\"https:\\\/\\\/nabogo.com\\\/wp-content\\\/uploads\\\/2024\\\/12\\\/oliver.jpg\",\"datePublished\":\"2022-07-15T07:52:11+00:00\",\"dateModified\":\"2026-03-25T15:02:51+00:00\",\"breadcrumb\":{\"@id\":\"https:\\\/\\\/nabogo.com\\\/da\\\/kontaktformular-kommune\\\/#breadcrumb\"},\"inLanguage\":\"da-DK\",\"potentialAction\":[{\"@type\":\"ReadAction\",\"target\":[\"https:\\\/\\\/nabogo.com\\\/da\\\/kontaktformular-kommune\\\/\"]}]},{\"@type\":\"ImageObject\",\"inLanguage\":\"da-DK\",\"@id\":\"https:\\\/\\\/nabogo.com\\\/da\\\/kontaktformular-kommune\\\/#primaryimage\",\"url\":\"https:\\\/\\\/nabogo.com\\\/wp-content\\\/uploads\\\/2024\\\/12\\\/oliver.jpg\",\"contentUrl\":\"https:\\\/\\\/nabogo.com\\\/wp-content\\\/uploads\\\/2024\\\/12\\\/oliver.jpg\"},{\"@type\":\"BreadcrumbList\",\"@id\":\"https:\\\/\\\/nabogo.com\\\/da\\\/kontaktformular-kommune\\\/#breadcrumb\",\"itemListElement\":[{\"@type\":\"ListItem\",\"position\":1,\"name\":\"Hjem\",\"item\":\"https:\\\/\\\/nabogo.com\\\/da\\\/\"},{\"@type\":\"ListItem\",\"position\":2,\"name\":\"Kontaktformular &#8211; kommune\"}]},{\"@type\":\"WebSite\",\"@id\":\"https:\\\/\\\/nabogo.com\\\/da\\\/#website\",\"url\":\"https:\\\/\\\/nabogo.com\\\/da\\\/\",\"name\":\"nabogo\",\"description\":\"nabogo \u2013 lokal samk\u00f8rsel\",\"publisher\":{\"@id\":\"https:\\\/\\\/nabogo.com\\\/da\\\/#organization\"},\"potentialAction\":[{\"@type\":\"SearchAction\",\"target\":{\"@type\":\"EntryPoint\",\"urlTemplate\":\"https:\\\/\\\/nabogo.com\\\/da\\\/?s={search_term_string}\"},\"query-input\":{\"@type\":\"PropertyValueSpecification\",\"valueRequired\":true,\"valueName\":\"search_term_string\"}}],\"inLanguage\":\"da-DK\"},{\"@type\":\"Organization\",\"@id\":\"https:\\\/\\\/nabogo.com\\\/da\\\/#organization\",\"name\":\"NaboGO\",\"url\":\"https:\\\/\\\/nabogo.com\\\/da\\\/\",\"logo\":{\"@type\":\"ImageObject\",\"inLanguage\":\"da-DK\",\"@id\":\"https:\\\/\\\/nabogo.com\\\/da\\\/#\\\/schema\\\/logo\\\/image\\\/\",\"url\":\"\",\"contentUrl\":\"\",\"caption\":\"NaboGO\"},\"image\":{\"@id\":\"https:\\\/\\\/nabogo.com\\\/da\\\/#\\\/schema\\\/logo\\\/image\\\/\"},\"sameAs\":[\"https:\\\/\\\/www.facebook.com\\\/nabogo.dk\\\/\",\"https:\\\/\\\/x.com\\\/go_nabo\",\"https:\\\/\\\/www.instagram.com\\\/nabogo_official\\\/?hl=da\",\"https:\\\/\\\/www.linkedin.com\\\/company\\\/nabotrailer\\\/\"]}]}<\/script>\n<!-- \/ Yoast SEO plugin. -->","yoast_head_json":{"title":"nabogo | Kontaktformular - kommune","robots":{"index":"index","follow":"follow","max-snippet":"max-snippet:-1","max-image-preview":"max-image-preview:large","max-video-preview":"max-video-preview:-1"},"canonical":"https:\/\/nabogo.com\/da\/kontaktformular-kommune\/","og_locale":"da_DK","og_type":"article","og_title":"nabogo | Kontaktformular - kommune","og_description":"Vil du vide mere om vores tilbud til kommuner? Er du nysgerrig p\u00e5 at h\u00f8re, hvad samk\u00f8rselkan\u00a0g\u00f8re for netop jeres kommune, st\u00e5r vi klar til en uforpligtende snak. Udfyld blot formularen, s\u00e5 kontakter vi dig hurtigst muligt. Oliver MathiasenCountry Manager DK oliver@nabogo.com+45 40246130","og_url":"https:\/\/nabogo.com\/da\/kontaktformular-kommune\/","og_site_name":"nabogo","article_publisher":"https:\/\/www.facebook.com\/nabogo.dk\/","article_modified_time":"2026-03-25T15:02:51+00:00","og_image":[{"width":1000,"height":1000,"url":"https:\/\/nabogo.com\/wp-content\/uploads\/2024\/12\/oliver.jpg","type":"image\/jpeg"}],"twitter_card":"summary_large_image","twitter_site":"@go_nabo","twitter_misc":{"Estimeret l\u00e6setid":"1 minut"},"schema":{"@context":"https:\/\/schema.org","@graph":[{"@type":"WebPage","@id":"https:\/\/nabogo.com\/da\/kontaktformular-kommune\/","url":"https:\/\/nabogo.com\/da\/kontaktformular-kommune\/","name":"nabogo | Kontaktformular - kommune","isPartOf":{"@id":"https:\/\/nabogo.com\/da\/#website"},"primaryImageOfPage":{"@id":"https:\/\/nabogo.com\/da\/kontaktformular-kommune\/#primaryimage"},"image":{"@id":"https:\/\/nabogo.com\/da\/kontaktformular-kommune\/#primaryimage"},"thumbnailUrl":"https:\/\/nabogo.com\/wp-content\/uploads\/2024\/12\/oliver.jpg","datePublished":"2022-07-15T07:52:11+00:00","dateModified":"2026-03-25T15:02:51+00:00","breadcrumb":{"@id":"https:\/\/nabogo.com\/da\/kontaktformular-kommune\/#breadcrumb"},"inLanguage":"da-DK","potentialAction":[{"@type":"ReadAction","target":["https:\/\/nabogo.com\/da\/kontaktformular-kommune\/"]}]},{"@type":"ImageObject","inLanguage":"da-DK","@id":"https:\/\/nabogo.com\/da\/kontaktformular-kommune\/#primaryimage","url":"https:\/\/nabogo.com\/wp-content\/uploads\/2024\/12\/oliver.jpg","contentUrl":"https:\/\/nabogo.com\/wp-content\/uploads\/2024\/12\/oliver.jpg"},{"@type":"BreadcrumbList","@id":"https:\/\/nabogo.com\/da\/kontaktformular-kommune\/#breadcrumb","itemListElement":[{"@type":"ListItem","position":1,"name":"Hjem","item":"https:\/\/nabogo.com\/da\/"},{"@type":"ListItem","position":2,"name":"Kontaktformular &#8211; kommune"}]},{"@type":"WebSite","@id":"https:\/\/nabogo.com\/da\/#website","url":"https:\/\/nabogo.com\/da\/","name":"nabogo","description":"nabogo \u2013 lokal samk\u00f8rsel","publisher":{"@id":"https:\/\/nabogo.com\/da\/#organization"},"potentialAction":[{"@type":"SearchAction","target":{"@type":"EntryPoint","urlTemplate":"https:\/\/nabogo.com\/da\/?s={search_term_string}"},"query-input":{"@type":"PropertyValueSpecification","valueRequired":true,"valueName":"search_term_string"}}],"inLanguage":"da-DK"},{"@type":"Organization","@id":"https:\/\/nabogo.com\/da\/#organization","name":"NaboGO","url":"https:\/\/nabogo.com\/da\/","logo":{"@type":"ImageObject","inLanguage":"da-DK","@id":"https:\/\/nabogo.com\/da\/#\/schema\/logo\/image\/","url":"","contentUrl":"","caption":"NaboGO"},"image":{"@id":"https:\/\/nabogo.com\/da\/#\/schema\/logo\/image\/"},"sameAs":["https:\/\/www.facebook.com\/nabogo.dk\/","https:\/\/x.com\/go_nabo","https:\/\/www.instagram.com\/nabogo_official\/?hl=da","https:\/\/www.linkedin.com\/company\/nabotrailer\/"]}]}},"_links":{"self":[{"href":"https:\/\/nabogo.com\/da\/wp-json\/wp\/v2\/pages\/8786","targetHints":{"allow":["GET"]}}],"collection":[{"href":"https:\/\/nabogo.com\/da\/wp-json\/wp\/v2\/pages"}],"about":[{"href":"https:\/\/nabogo.com\/da\/wp-json\/wp\/v2\/types\/page"}],"author":[{"embeddable":true,"href":"https:\/\/nabogo.com\/da\/wp-json\/wp\/v2\/users\/8"}],"replies":[{"embeddable":true,"href":"https:\/\/nabogo.com\/da\/wp-json\/wp\/v2\/comments?post=8786"}],"version-history":[{"count":93,"href":"https:\/\/nabogo.com\/da\/wp-json\/wp\/v2\/pages\/8786\/revisions"}],"predecessor-version":[{"id":32068,"href":"https:\/\/nabogo.com\/da\/wp-json\/wp\/v2\/pages\/8786\/revisions\/32068"}],"wp:attachment":[{"href":"https:\/\/nabogo.com\/da\/wp-json\/wp\/v2\/media?parent=8786"}],"curies":[{"name":"wp","href":"https:\/\/api.w.org\/{rel}","templated":true}]}}