{"id":11879,"date":"2022-02-13T07:56:16","date_gmt":"2022-02-13T07:56:16","guid":{"rendered":"https:\/\/nabogo.com\/presse\/"},"modified":"2026-02-20T08:37:45","modified_gmt":"2026-02-20T07:37:45","slug":"presse","status":"publish","type":"page","link":"https:\/\/nabogo.com\/no\/presse\/","title":{"rendered":"Presse"},"content":{"rendered":"\t\t<div data-elementor-type=\"wp-page\" data-elementor-id=\"11879\" class=\"elementor elementor-11879 elementor-6893\" wpc-filter-elementor-widget=\"1\" data-elementor-post-type=\"page\">\n\t\t\t\t\t\t<section class=\"elementor-section elementor-top-section elementor-element elementor-element-617b88d elementor-section-boxed elementor-section-height-default elementor-section-height-default\" data-id=\"617b88d\" data-element_type=\"section\" data-e-type=\"section\" data-settings=\"{&quot;background_background&quot;:&quot;classic&quot;}\">\n\t\t\t\t\t\t<div class=\"elementor-container elementor-column-gap-default\">\n\t\t\t\t\t<div class=\"elementor-column elementor-col-50 elementor-top-column elementor-element elementor-element-658ea2d\" data-id=\"658ea2d\" data-element_type=\"column\" data-e-type=\"column\">\n\t\t\t<div class=\"elementor-widget-wrap elementor-element-populated\">\n\t\t\t\t\t\t<div class=\"elementor-element elementor-element-7d9472f elementor-widget elementor-widget-heading\" data-id=\"7d9472f\" data-element_type=\"widget\" data-e-type=\"widget\" data-widget_type=\"heading.default\">\n\t\t\t\t<div class=\"elementor-widget-container\">\n\t\t\t\t\t<h1 class=\"elementor-heading-title elementor-size-default\">Pressematerialer<\/h1>\t\t\t\t<\/div>\n\t\t\t\t<\/div>\n\t\t\t\t<div class=\"elementor-element elementor-element-b9b299d elementor-widget elementor-widget-text-editor\" data-id=\"b9b299d\" data-element_type=\"widget\" data-e-type=\"widget\" data-widget_type=\"text-editor.default\">\n\t\t\t\t<div class=\"elementor-widget-container\">\n\t\t\t\t\t\t\t\t\t<p class=\"MsoNormal\"><span lang=\"nb\">Her finner du presse- og kommunikasjonsmaterialer til fri bruk i forbindelse med omtale av nabogo. Nabogo m\u00e5 krediteres ved bruk av bilder.<\/span><\/p>\t\t\t\t\t\t\t\t<\/div>\n\t\t\t\t<\/div>\n\t\t\t\t<section class=\"elementor-section elementor-inner-section elementor-element elementor-element-20f6caf elementor-section-boxed elementor-section-height-default elementor-section-height-default\" data-id=\"20f6caf\" data-element_type=\"section\" data-e-type=\"section\">\n\t\t\t\t\t\t<div class=\"elementor-container elementor-column-gap-default\">\n\t\t\t\t\t<div class=\"elementor-column elementor-col-50 elementor-inner-column elementor-element elementor-element-8811927\" data-id=\"8811927\" data-element_type=\"column\" data-e-type=\"column\">\n\t\t\t<div class=\"elementor-widget-wrap elementor-element-populated\">\n\t\t\t\t\t\t<div class=\"elementor-element elementor-element-5e0eea7 elementor-align-center elementor-widget elementor-widget-button\" data-id=\"5e0eea7\" data-element_type=\"widget\" data-e-type=\"widget\" data-widget_type=\"button.default\">\n\t\t\t\t<div class=\"elementor-widget-container\">\n\t\t\t\t\t\t\t\t\t<div class=\"elementor-button-wrapper\">\n\t\t\t\t\t<a class=\"elementor-button elementor-button-link elementor-size-md\" href=\"https:\/\/nabogo.com\/no\/presse\/medieomtale\/\">\n\t\t\t\t\t\t<span class=\"elementor-button-content-wrapper\">\n\t\t\t\t\t\t<span class=\"elementor-button-icon\">\n\t\t\t\t<i aria-hidden=\"true\" class=\"fas fa-arrow-right\"><\/i>\t\t\t<\/span>\n\t\t\t\t\t\t\t\t\t<span class=\"elementor-button-text\">Medieomtale<\/span>\n\t\t\t\t\t<\/span>\n\t\t\t\t\t<\/a>\n\t\t\t\t<\/div>\n\t\t\t\t\t\t\t\t<\/div>\n\t\t\t\t<\/div>\n\t\t\t\t\t<\/div>\n\t\t<\/div>\n\t\t\t\t<div class=\"elementor-column elementor-col-50 elementor-inner-column elementor-element elementor-element-a0d6ec4\" data-id=\"a0d6ec4\" data-element_type=\"column\" data-e-type=\"column\">\n\t\t\t<div class=\"elementor-widget-wrap elementor-element-populated\">\n\t\t\t\t\t\t<div class=\"elementor-element elementor-element-be539e5 elementor-align-center elementor-widget elementor-widget-button\" data-id=\"be539e5\" data-element_type=\"widget\" data-e-type=\"widget\" data-widget_type=\"button.default\">\n\t\t\t\t<div class=\"elementor-widget-container\">\n\t\t\t\t\t\t\t\t\t<div class=\"elementor-button-wrapper\">\n\t\t\t\t\t<a class=\"elementor-button elementor-button-link elementor-size-md\" href=\"https:\/\/nabogo.com\/no\/presse\/bilder-og-logo\/\">\n\t\t\t\t\t\t<span class=\"elementor-button-content-wrapper\">\n\t\t\t\t\t\t<span class=\"elementor-button-icon\">\n\t\t\t\t<i aria-hidden=\"true\" class=\"fas fa-arrow-right\"><\/i>\t\t\t<\/span>\n\t\t\t\t\t\t\t\t\t<span class=\"elementor-button-text\">Bilder og logo<\/span>\n\t\t\t\t\t<\/span>\n\t\t\t\t\t<\/a>\n\t\t\t\t<\/div>\n\t\t\t\t\t\t\t\t<\/div>\n\t\t\t\t<\/div>\n\t\t\t\t\t<\/div>\n\t\t<\/div>\n\t\t\t\t\t<\/div>\n\t\t<\/section>\n\t\t\t\t<div class=\"elementor-element elementor-element-a74deda elementor-widget elementor-widget-text-editor\" data-id=\"a74deda\" data-element_type=\"widget\" data-e-type=\"widget\" data-widget_type=\"text-editor.default\">\n\t\t\t\t<div class=\"elementor-widget-container\">\n\t\t\t\t\t\t\t\t\t<p><span lang=\"nb\">Finner du ikke\ndet du leter etter, eller ser du etter intervjupersoner, er du velkommen til \u00e5\nkontakte v\u00e5r presseansvarlige, Ida Blinkenberg Lidell.<\/span><\/p>\t\t\t\t\t\t\t\t<\/div>\n\t\t\t\t<\/div>\n\t\t\t\t<div class=\"elementor-element elementor-element-cea0cb4 elementor-widget elementor-widget-text-editor\" data-id=\"cea0cb4\" data-element_type=\"widget\" data-e-type=\"widget\" data-widget_type=\"text-editor.default\">\n\t\t\t\t<div class=\"elementor-widget-container\">\n\t\t\t\t\t\t\t\t\t<p>Du kan ogs\u00e5 holde deg oppdatert om nabogo ved \u00e5 f\u00f8lge oss p\u00e5 sosiale medier:<\/p>\t\t\t\t\t\t\t\t<\/div>\n\t\t\t\t<\/div>\n\t\t\t\t<section class=\"elementor-section elementor-inner-section elementor-element elementor-element-eeedac9 elementor-section-boxed elementor-section-height-default elementor-section-height-default\" data-id=\"eeedac9\" data-element_type=\"section\" data-e-type=\"section\">\n\t\t\t\t\t\t<div class=\"elementor-container elementor-column-gap-default\">\n\t\t\t\t\t<div class=\"elementor-column elementor-col-25 elementor-inner-column elementor-element elementor-element-46a6ccb\" data-id=\"46a6ccb\" data-element_type=\"column\" data-e-type=\"column\">\n\t\t\t<div class=\"elementor-widget-wrap elementor-element-populated\">\n\t\t\t\t\t\t<div class=\"elementor-element elementor-element-7537a9f elementor-view-default elementor-widget elementor-widget-icon\" data-id=\"7537a9f\" data-element_type=\"widget\" data-e-type=\"widget\" data-widget_type=\"icon.default\">\n\t\t\t\t<div class=\"elementor-widget-container\">\n\t\t\t\t\t\t\t<div class=\"elementor-icon-wrapper\">\n\t\t\t<a class=\"elementor-icon\" href=\"https:\/\/www.linkedin.com\/company\/nabogo\/\">\n\t\t\t<i aria-hidden=\"true\" class=\"fab fa-linkedin-in\"><\/i>\t\t\t<\/a>\n\t\t<\/div>\n\t\t\t\t\t\t<\/div>\n\t\t\t\t<\/div>\n\t\t\t\t\t<\/div>\n\t\t<\/div>\n\t\t\t\t<div class=\"elementor-column elementor-col-25 elementor-inner-column elementor-element elementor-element-f7fbd51\" data-id=\"f7fbd51\" data-element_type=\"column\" data-e-type=\"column\">\n\t\t\t<div class=\"elementor-widget-wrap elementor-element-populated\">\n\t\t\t\t\t\t<div class=\"elementor-element elementor-element-cb43b60 elementor-view-default elementor-widget elementor-widget-icon\" data-id=\"cb43b60\" data-element_type=\"widget\" data-e-type=\"widget\" data-widget_type=\"icon.default\">\n\t\t\t\t<div class=\"elementor-widget-container\">\n\t\t\t\t\t\t\t<div class=\"elementor-icon-wrapper\">\n\t\t\t<a class=\"elementor-icon\" href=\"https:\/\/twitter.com\/nabo_go?ref_src=twsrc%5Egoogle%7Ctwcamp%5Eserp%7Ctwgr%5Eauthor\">\n\t\t\t<i aria-hidden=\"true\" class=\"fab fa-twitter\"><\/i>\t\t\t<\/a>\n\t\t<\/div>\n\t\t\t\t\t\t<\/div>\n\t\t\t\t<\/div>\n\t\t\t\t\t<\/div>\n\t\t<\/div>\n\t\t\t\t<div class=\"elementor-column elementor-col-25 elementor-inner-column elementor-element elementor-element-1508e7b\" data-id=\"1508e7b\" data-element_type=\"column\" data-e-type=\"column\">\n\t\t\t<div class=\"elementor-widget-wrap elementor-element-populated\">\n\t\t\t\t\t\t<div class=\"elementor-element elementor-element-07437b8 elementor-view-default elementor-widget elementor-widget-icon\" data-id=\"07437b8\" data-element_type=\"widget\" data-e-type=\"widget\" data-widget_type=\"icon.default\">\n\t\t\t\t<div class=\"elementor-widget-container\">\n\t\t\t\t\t\t\t<div class=\"elementor-icon-wrapper\">\n\t\t\t<a class=\"elementor-icon\" href=\"https:\/\/www.instagram.com\/nabogo_carpool\/\">\n\t\t\t<i aria-hidden=\"true\" class=\"fab fa-instagram\"><\/i>\t\t\t<\/a>\n\t\t<\/div>\n\t\t\t\t\t\t<\/div>\n\t\t\t\t<\/div>\n\t\t\t\t\t<\/div>\n\t\t<\/div>\n\t\t\t\t<div class=\"elementor-column elementor-col-25 elementor-inner-column elementor-element elementor-element-3ca4552\" data-id=\"3ca4552\" data-element_type=\"column\" data-e-type=\"column\">\n\t\t\t<div class=\"elementor-widget-wrap elementor-element-populated\">\n\t\t\t\t\t\t<div class=\"elementor-element elementor-element-a43cfad elementor-view-default elementor-widget elementor-widget-icon\" data-id=\"a43cfad\" data-element_type=\"widget\" data-e-type=\"widget\" data-widget_type=\"icon.default\">\n\t\t\t\t<div class=\"elementor-widget-container\">\n\t\t\t\t\t\t\t<div class=\"elementor-icon-wrapper\">\n\t\t\t<a class=\"elementor-icon\" href=\"https:\/\/www.facebook.com\/nabogo.dk\/\">\n\t\t\t<i aria-hidden=\"true\" class=\"fab fa-facebook\"><\/i>\t\t\t<\/a>\n\t\t<\/div>\n\t\t\t\t\t\t<\/div>\n\t\t\t\t<\/div>\n\t\t\t\t\t<\/div>\n\t\t<\/div>\n\t\t\t\t\t<\/div>\n\t\t<\/section>\n\t\t\t\t\t<\/div>\n\t\t<\/div>\n\t\t\t\t<div class=\"elementor-column elementor-col-50 elementor-top-column elementor-element elementor-element-0a8e22c\" data-id=\"0a8e22c\" data-element_type=\"column\" data-e-type=\"column\">\n\t\t\t<div class=\"elementor-widget-wrap elementor-element-populated\">\n\t\t\t\t\t\t<div class=\"elementor-element elementor-element-a98c413 elementor-widget elementor-widget-image\" data-id=\"a98c413\" data-element_type=\"widget\" data-e-type=\"widget\" data-widget_type=\"image.default\">\n\t\t\t\t<div class=\"elementor-widget-container\">\n\t\t\t\t\t\t\t\t\t\t\t\t\t\t\t<img fetchpriority=\"high\" decoding=\"async\" width=\"2560\" height=\"1707\" src=\"https:\/\/nabogo.com\/wp-content\/uploads\/2026\/02\/Ida-scaled.png\" class=\"attachment-full size-full wp-image-31504\" alt=\"\" srcset=\"https:\/\/nabogo.com\/wp-content\/uploads\/2026\/02\/Ida-scaled.png 2560w, https:\/\/nabogo.com\/wp-content\/uploads\/2026\/02\/Ida-300x200.png 300w, https:\/\/nabogo.com\/wp-content\/uploads\/2026\/02\/Ida-1024x683.png 1024w, https:\/\/nabogo.com\/wp-content\/uploads\/2026\/02\/Ida-768x512.png 768w, https:\/\/nabogo.com\/wp-content\/uploads\/2026\/02\/Ida-1536x1024.png 1536w, https:\/\/nabogo.com\/wp-content\/uploads\/2026\/02\/Ida-2048x1365.png 2048w\" sizes=\"(max-width: 2560px) 100vw, 2560px\" \/>\t\t\t\t\t\t\t\t\t\t\t\t\t\t\t<\/div>\n\t\t\t\t<\/div>\n\t\t\t\t<div class=\"elementor-element elementor-element-69cf0d9 elementor-widget elementor-widget-text-editor\" data-id=\"69cf0d9\" data-element_type=\"widget\" data-e-type=\"widget\" data-widget_type=\"text-editor.default\">\n\t\t\t\t<div class=\"elementor-widget-container\">\n\t\t\t\t\t\t\t\t\t<h3 style=\"text-align: center;\"><strong><span style=\"color: #000000;\">Ida Blinkenberg Lidell<\/span><\/strong><\/h3><p style=\"text-align: center;\"><span style=\"color: #000000;\">Partnerskap &amp; PR<\/span><\/p><p style=\"text-align: center;\"><span style=\"color: #000000;\">ida@nabogo.com<\/span><br \/><span style=\"color: #000000;\">+45 20462787<\/span><\/p>\t\t\t\t\t\t\t\t<\/div>\n\t\t\t\t<\/div>\n\t\t\t\t\t<\/div>\n\t\t<\/div>\n\t\t\t\t\t<\/div>\n\t\t<\/section>\n\t\t\t\t<\/div>\n\t\t","protected":false},"excerpt":{"rendered":"<p>Pressematerialer Her finner du presse- og kommunikasjonsmaterialer til fri bruk i forbindelse med omtale av nabogo. Nabogo m\u00e5 krediteres ved bruk av bilder. Medieomtale Bilder og logo Finner du ikke det du leter etter, eller ser du etter intervjupersoner, er du velkommen til \u00e5 kontakte v\u00e5r presseansvarlige, Ida Blinkenberg Lidell. Du kan ogs\u00e5 holde deg [&hellip;]<\/p>\n","protected":false},"author":1,"featured_media":0,"parent":0,"menu_order":0,"comment_status":"closed","ping_status":"closed","template":"","meta":{"content-type":"","footnotes":""},"class_list":["post-11879","page","type-page","status-publish","hentry"],"yoast_head":"<!-- This site is optimized with the Yoast SEO plugin v27.5 - https:\/\/yoast.com\/product\/yoast-seo-wordpress\/ -->\n<title>nabogo | Presse<\/title>\n<meta name=\"robots\" content=\"index, follow, max-snippet:-1, max-image-preview:large, max-video-preview:-1\" \/>\n<link rel=\"canonical\" href=\"https:\/\/nabogo.com\/no\/presse\/\" \/>\n<meta property=\"og:locale\" content=\"nb_NO\" \/>\n<meta property=\"og:type\" content=\"article\" \/>\n<meta property=\"og:title\" content=\"nabogo | Presse\" \/>\n<meta property=\"og:description\" content=\"Pressematerialer Her finner du presse- og kommunikasjonsmaterialer til fri bruk i forbindelse med omtale av nabogo. Nabogo m\u00e5 krediteres ved bruk av bilder. Medieomtale Bilder og logo Finner du ikke det du leter etter, eller ser du etter intervjupersoner, er du velkommen til \u00e5 kontakte v\u00e5r presseansvarlige, Ida Blinkenberg Lidell. Du kan ogs\u00e5 holde deg [&hellip;]\" \/>\n<meta property=\"og:url\" content=\"https:\/\/nabogo.com\/no\/presse\/\" \/>\n<meta property=\"og:site_name\" content=\"nabogo\" \/>\n<meta property=\"article:publisher\" content=\"https:\/\/www.facebook.com\/nabogo.dk\/\" \/>\n<meta property=\"article:modified_time\" content=\"2026-02-20T07:37:45+00:00\" \/>\n<meta property=\"og:image\" content=\"https:\/\/nabogo.com\/wp-content\/uploads\/2026\/02\/Ida-scaled.png\" \/>\n<meta name=\"twitter:card\" content=\"summary_large_image\" \/>\n<meta name=\"twitter:site\" content=\"@go_nabo\" \/>\n<meta name=\"twitter:label1\" content=\"Ansl. lesetid\" \/>\n\t<meta name=\"twitter:data1\" content=\"1 minutt\" \/>\n<script type=\"application\/ld+json\" class=\"yoast-schema-graph\">{\"@context\":\"https:\\\/\\\/schema.org\",\"@graph\":[{\"@type\":\"WebPage\",\"@id\":\"https:\\\/\\\/nabogo.com\\\/no\\\/presse\\\/\",\"url\":\"https:\\\/\\\/nabogo.com\\\/no\\\/presse\\\/\",\"name\":\"nabogo | Presse\",\"isPartOf\":{\"@id\":\"https:\\\/\\\/nabogo.com\\\/no\\\/#website\"},\"primaryImageOfPage\":{\"@id\":\"https:\\\/\\\/nabogo.com\\\/no\\\/presse\\\/#primaryimage\"},\"image\":{\"@id\":\"https:\\\/\\\/nabogo.com\\\/no\\\/presse\\\/#primaryimage\"},\"thumbnailUrl\":\"https:\\\/\\\/nabogo.com\\\/wp-content\\\/uploads\\\/2026\\\/02\\\/Ida-scaled.png\",\"datePublished\":\"2022-02-13T07:56:16+00:00\",\"dateModified\":\"2026-02-20T07:37:45+00:00\",\"breadcrumb\":{\"@id\":\"https:\\\/\\\/nabogo.com\\\/no\\\/presse\\\/#breadcrumb\"},\"inLanguage\":\"nb-NO\",\"potentialAction\":[{\"@type\":\"ReadAction\",\"target\":[\"https:\\\/\\\/nabogo.com\\\/no\\\/presse\\\/\"]}]},{\"@type\":\"ImageObject\",\"inLanguage\":\"nb-NO\",\"@id\":\"https:\\\/\\\/nabogo.com\\\/no\\\/presse\\\/#primaryimage\",\"url\":\"https:\\\/\\\/nabogo.com\\\/wp-content\\\/uploads\\\/2026\\\/02\\\/Ida-scaled.png\",\"contentUrl\":\"https:\\\/\\\/nabogo.com\\\/wp-content\\\/uploads\\\/2026\\\/02\\\/Ida-scaled.png\"},{\"@type\":\"BreadcrumbList\",\"@id\":\"https:\\\/\\\/nabogo.com\\\/no\\\/presse\\\/#breadcrumb\",\"itemListElement\":[{\"@type\":\"ListItem\",\"position\":1,\"name\":\"Hjem\",\"item\":\"https:\\\/\\\/nabogo.com\\\/no\\\/\"},{\"@type\":\"ListItem\",\"position\":2,\"name\":\"Presse\"}]},{\"@type\":\"WebSite\",\"@id\":\"https:\\\/\\\/nabogo.com\\\/no\\\/#website\",\"url\":\"https:\\\/\\\/nabogo.com\\\/no\\\/\",\"name\":\"nabogo\",\"description\":\"nabogo \u2013 lokal samk\u00f8rsel\",\"publisher\":{\"@id\":\"https:\\\/\\\/nabogo.com\\\/no\\\/#organization\"},\"potentialAction\":[{\"@type\":\"SearchAction\",\"target\":{\"@type\":\"EntryPoint\",\"urlTemplate\":\"https:\\\/\\\/nabogo.com\\\/no\\\/?s={search_term_string}\"},\"query-input\":{\"@type\":\"PropertyValueSpecification\",\"valueRequired\":true,\"valueName\":\"search_term_string\"}}],\"inLanguage\":\"nb-NO\"},{\"@type\":\"Organization\",\"@id\":\"https:\\\/\\\/nabogo.com\\\/no\\\/#organization\",\"name\":\"NaboGO\",\"url\":\"https:\\\/\\\/nabogo.com\\\/no\\\/\",\"logo\":{\"@type\":\"ImageObject\",\"inLanguage\":\"nb-NO\",\"@id\":\"https:\\\/\\\/nabogo.com\\\/no\\\/#\\\/schema\\\/logo\\\/image\\\/\",\"url\":\"\",\"contentUrl\":\"\",\"caption\":\"NaboGO\"},\"image\":{\"@id\":\"https:\\\/\\\/nabogo.com\\\/no\\\/#\\\/schema\\\/logo\\\/image\\\/\"},\"sameAs\":[\"https:\\\/\\\/www.facebook.com\\\/nabogo.dk\\\/\",\"https:\\\/\\\/x.com\\\/go_nabo\",\"https:\\\/\\\/www.instagram.com\\\/nabogo_official\\\/?hl=da\",\"https:\\\/\\\/www.linkedin.com\\\/company\\\/nabotrailer\\\/\"]}]}<\/script>\n<!-- \/ Yoast SEO plugin. -->","yoast_head_json":{"title":"nabogo | Presse","robots":{"index":"index","follow":"follow","max-snippet":"max-snippet:-1","max-image-preview":"max-image-preview:large","max-video-preview":"max-video-preview:-1"},"canonical":"https:\/\/nabogo.com\/no\/presse\/","og_locale":"nb_NO","og_type":"article","og_title":"nabogo | Presse","og_description":"Pressematerialer Her finner du presse- og kommunikasjonsmaterialer til fri bruk i forbindelse med omtale av nabogo. Nabogo m\u00e5 krediteres ved bruk av bilder. Medieomtale Bilder og logo Finner du ikke det du leter etter, eller ser du etter intervjupersoner, er du velkommen til \u00e5 kontakte v\u00e5r presseansvarlige, Ida Blinkenberg Lidell. Du kan ogs\u00e5 holde deg [&hellip;]","og_url":"https:\/\/nabogo.com\/no\/presse\/","og_site_name":"nabogo","article_publisher":"https:\/\/www.facebook.com\/nabogo.dk\/","article_modified_time":"2026-02-20T07:37:45+00:00","og_image":[{"url":"https:\/\/nabogo.com\/wp-content\/uploads\/2026\/02\/Ida-scaled.png","type":"","width":"","height":""}],"twitter_card":"summary_large_image","twitter_site":"@go_nabo","twitter_misc":{"Ansl. lesetid":"1 minutt"},"schema":{"@context":"https:\/\/schema.org","@graph":[{"@type":"WebPage","@id":"https:\/\/nabogo.com\/no\/presse\/","url":"https:\/\/nabogo.com\/no\/presse\/","name":"nabogo | Presse","isPartOf":{"@id":"https:\/\/nabogo.com\/no\/#website"},"primaryImageOfPage":{"@id":"https:\/\/nabogo.com\/no\/presse\/#primaryimage"},"image":{"@id":"https:\/\/nabogo.com\/no\/presse\/#primaryimage"},"thumbnailUrl":"https:\/\/nabogo.com\/wp-content\/uploads\/2026\/02\/Ida-scaled.png","datePublished":"2022-02-13T07:56:16+00:00","dateModified":"2026-02-20T07:37:45+00:00","breadcrumb":{"@id":"https:\/\/nabogo.com\/no\/presse\/#breadcrumb"},"inLanguage":"nb-NO","potentialAction":[{"@type":"ReadAction","target":["https:\/\/nabogo.com\/no\/presse\/"]}]},{"@type":"ImageObject","inLanguage":"nb-NO","@id":"https:\/\/nabogo.com\/no\/presse\/#primaryimage","url":"https:\/\/nabogo.com\/wp-content\/uploads\/2026\/02\/Ida-scaled.png","contentUrl":"https:\/\/nabogo.com\/wp-content\/uploads\/2026\/02\/Ida-scaled.png"},{"@type":"BreadcrumbList","@id":"https:\/\/nabogo.com\/no\/presse\/#breadcrumb","itemListElement":[{"@type":"ListItem","position":1,"name":"Hjem","item":"https:\/\/nabogo.com\/no\/"},{"@type":"ListItem","position":2,"name":"Presse"}]},{"@type":"WebSite","@id":"https:\/\/nabogo.com\/no\/#website","url":"https:\/\/nabogo.com\/no\/","name":"nabogo","description":"nabogo \u2013 lokal samk\u00f8rsel","publisher":{"@id":"https:\/\/nabogo.com\/no\/#organization"},"potentialAction":[{"@type":"SearchAction","target":{"@type":"EntryPoint","urlTemplate":"https:\/\/nabogo.com\/no\/?s={search_term_string}"},"query-input":{"@type":"PropertyValueSpecification","valueRequired":true,"valueName":"search_term_string"}}],"inLanguage":"nb-NO"},{"@type":"Organization","@id":"https:\/\/nabogo.com\/no\/#organization","name":"NaboGO","url":"https:\/\/nabogo.com\/no\/","logo":{"@type":"ImageObject","inLanguage":"nb-NO","@id":"https:\/\/nabogo.com\/no\/#\/schema\/logo\/image\/","url":"","contentUrl":"","caption":"NaboGO"},"image":{"@id":"https:\/\/nabogo.com\/no\/#\/schema\/logo\/image\/"},"sameAs":["https:\/\/www.facebook.com\/nabogo.dk\/","https:\/\/x.com\/go_nabo","https:\/\/www.instagram.com\/nabogo_official\/?hl=da","https:\/\/www.linkedin.com\/company\/nabotrailer\/"]}]}},"_links":{"self":[{"href":"https:\/\/nabogo.com\/no\/wp-json\/wp\/v2\/pages\/11879","targetHints":{"allow":["GET"]}}],"collection":[{"href":"https:\/\/nabogo.com\/no\/wp-json\/wp\/v2\/pages"}],"about":[{"href":"https:\/\/nabogo.com\/no\/wp-json\/wp\/v2\/types\/page"}],"author":[{"embeddable":true,"href":"https:\/\/nabogo.com\/no\/wp-json\/wp\/v2\/users\/1"}],"replies":[{"embeddable":true,"href":"https:\/\/nabogo.com\/no\/wp-json\/wp\/v2\/comments?post=11879"}],"version-history":[{"count":27,"href":"https:\/\/nabogo.com\/no\/wp-json\/wp\/v2\/pages\/11879\/revisions"}],"predecessor-version":[{"id":31873,"href":"https:\/\/nabogo.com\/no\/wp-json\/wp\/v2\/pages\/11879\/revisions\/31873"}],"wp:attachment":[{"href":"https:\/\/nabogo.com\/no\/wp-json\/wp\/v2\/media?parent=11879"}],"curies":[{"name":"wp","href":"https:\/\/api.w.org\/{rel}","templated":true}]}}