{"id":11943,"date":"2019-07-10T09:30:22","date_gmt":"2019-07-10T09:30:22","guid":{"rendered":"https:\/\/nabogo.com\/privatlivspolitik\/"},"modified":"2025-07-29T13:29:04","modified_gmt":"2025-07-29T11:29:04","slug":"personvernerklaering","status":"publish","type":"page","link":"https:\/\/nabogo.com\/no\/personvernerklaering\/","title":{"rendered":"Personvernerkl\u00e6ring"},"content":{"rendered":"\t\t<div data-elementor-type=\"wp-page\" data-elementor-id=\"11943\" class=\"elementor elementor-11943 elementor-3\" wpc-filter-elementor-widget=\"1\" data-elementor-post-type=\"page\">\n\t\t\t\t\t\t<section class=\"elementor-section elementor-top-section elementor-element elementor-element-16a3530 elementor-section-boxed elementor-section-height-default elementor-section-height-default\" data-id=\"16a3530\" data-element_type=\"section\" data-e-type=\"section\" data-settings=\"{&quot;background_background&quot;:&quot;classic&quot;}\">\n\t\t\t\t\t\t<div class=\"elementor-container elementor-column-gap-default\">\n\t\t\t\t\t<div class=\"elementor-column elementor-col-100 elementor-top-column elementor-element elementor-element-1dfb421\" data-id=\"1dfb421\" data-element_type=\"column\" data-e-type=\"column\">\n\t\t\t<div class=\"elementor-widget-wrap elementor-element-populated\">\n\t\t\t\t\t\t<div class=\"elementor-element elementor-element-27ef545 elementor-widget elementor-widget-heading\" data-id=\"27ef545\" data-element_type=\"widget\" data-e-type=\"widget\" data-widget_type=\"heading.default\">\n\t\t\t\t<div class=\"elementor-widget-container\">\n\t\t\t\t\t<h1 class=\"elementor-heading-title elementor-size-default\">Personvernerkl\u00e6ring<\/h1>\t\t\t\t<\/div>\n\t\t\t\t<\/div>\n\t\t\t\t<div class=\"elementor-element elementor-element-6cfdc5e elementor-widget elementor-widget-text-editor\" data-id=\"6cfdc5e\" data-element_type=\"widget\" data-e-type=\"widget\" data-widget_type=\"text-editor.default\">\n\t\t\t\t<div class=\"elementor-widget-container\">\n\t\t\t\t\t\t\t\t\t<p>Denne personvernerkl\u00e6ringen forklarer hvordan Nabogo ApS (heretter \u00abvi\u00bb, \u00abv\u00e5r\u00bb eller \u00aboss\u00bb) samler inn og behandler personopplysningene dine.<\/p>\n<p>Den juridiske enheten som er ansvarlig for \u00e5 behandle personopplysningene dine, er:<\/p>\n<p style=\"text-align: center;\">Nabogo ApS<\/p>\n<p style=\"text-align: center;\">Lysholt All\u00e9 6<\/p>\n<p style=\"text-align: center;\">7100 Vejle<\/p>\n<p style=\"text-align: center;\">Danmark<\/p>\n<p style=\"text-align: center;\">CVR (organisasjonsnummer): 39404060<\/p>\n<p>Nabogo Aps kan kontaktes p\u00e5 enten <a href=\"mailto:anders@nabogo.com\">anders@nabogo.com<\/a> eller telefonnummer +4571792244.<\/p>\n<p>Denne personvernerkl\u00e6ringen gjelder personopplysninger som du gir oss i forbindelse gjennom bruk av appen v\u00e5r, kj\u00f8p via appen, henvendelser til oss samt opplysninger som vi samler inn via nettstedet v\u00e5rt, <a href=\"http:\/\/www.nabogo.dk\">www.nabogo.com<\/a>.<\/p>\n<h3><strong>1. Innsamling av opplysninger<\/strong><\/h3>\n<p>1.1 Ditt bes\u00f8k p\u00e5 Nabogo.com<\/p>\n<p>1.1.1. Hvilke opplysninger samler vi inn ved bes\u00f8k p\u00e5 Nabogo.com?<\/p>\n<p>Vi samler automatisk inn opplysninger om deg og din bruk av nettstedet n\u00e5r du bes\u00f8ker Nabogo.com. Disse opplysningene inkluderer nettlesertypen du bruker, hvilke s\u00f8keord du bruker p\u00e5 Nabogo.com, IP-adressen din, inkludert nettverksplasseringen, og informasjon om den elektroniske enheten du bruker. I tillegg til personvernerkl\u00e6ringen gjelder retningslinjene for informasjonskapsler n\u00e5r du bruker Nabogo.com <a href=\"https:\/\/nabogo.com\/da\/cookiepolitik\/\">(se v\u00e5re retningslinjer for informasjonskapsler her).<\/a><\/p>\n<p>1.1.2. Hva er hensikten med \u00e5 samle inn personopplysninger i forbindelse med bes\u00f8k p\u00e5 nettstedet?<\/p>\n<p>Hensikten med innsamlingen er \u00e5 optimalisere brukeropplevelsen og funksjonaliteten til Nabogo.com. Videre er form\u00e5let \u00e5 bruke de innsamlede opplysningene til m\u00e5lrettet markedsf\u00f8ring, inkludert \u00abretargeting\u00bb gjennom blant annet sosiale medier som Facebook eller s\u00f8kemotorer som Google. Denne behandlingen av opplysningene er n\u00f8dvendig for at vi skal kunne ivareta v\u00e5re interesser i det kontinuerlige arbeidet med forbedring og optimalisering av nettstedet, og for \u00e5 kunne vise deg relevante tjenester.<\/p>\n<p>1.1.3. Rettsgrunnlag<\/p>\n<p>Rettsgrunnlaget for behandlingen er personvernforordningen art. 6, nr. 1, bokstav a og f (EU 2016\/679).<\/p>\n<p>1.2. Din bruk av plattformen (appen) v\u00e5r<\/p>\n<p>1.2.1 Hvilke personopplysninger samler vi inn n\u00e5r du oppretter brukerprofilen din p\u00e5 plattformen (appen) v\u00e5r?<\/p>\n<p>I forbindelse med opprettelse av brukerprofil p\u00e5 plattformen samler vi inn opplysninger om ditt navn, e-postadresse, postnummer, bilde av deg samt telefonnummer. Dette er opplysninger du selv oppgir ved opprettelsen.<\/p>\n<p>1.2.2. Hvilke personopplysninger samler vi inn n\u00e5r du bruker plattformen (appen) v\u00e5r?<\/p>\n<p>N\u00e5r du bruker appen, samler vi inn informasjon om tjenestene du bruker og hvordan du bruker dem. Kommunikasjon mellom deg og andre brukere via plattformen samles ogs\u00e5 inn. Videre samler vi inn IP-adressen og stedsdataene dine.<\/p>\n<p>1.2.3 Hva er hensikten med innsamlingen av personopplysninger i forbindelse med opprettelsen av brukerprofilen, bruken av plattformen og i kommunikasjonen din med oss?<\/p>\n<p>Form\u00e5let med innsamling og behandling av informasjon er at vi vil overholde v\u00e5r avtale med deg. I tillegg er form\u00e5let med behandlingen \u00e5 kunne bruke opplysningene til \u00e5 drive virksomheten v\u00e5r, annonsere, forbedre den eksisterende plattformen og kundeservicen, utvikle nye tjenester samt tilpasse og m\u00e5lrette plattformtjenestene til deg. Videre kan vi bruke informasjon om kj\u00f8pene dine til \u00e5 overholde forskjellige juridiske krav, som bokf\u00f8ring og regnskap.<\/p>\n<p>1.2.4. Rettsgrunnlag<\/p>\n<p>Rettsgrunnlaget for behandlingen er personvernforordningen art. 6, nr. 1, bokstav b, c og f (EU 2016\/679).<\/p>\n<p>1.3. Nyhetsbrev, push-varsler osv.<\/p>\n<p>1.3.1. Innsamling av opplysninger ved hjelp av nyhetsbrev, push-varsler osv.<\/p>\n<p>N\u00e5r du er meldt p\u00e5 nyhetsbrev (som kan sendes via e-post, SMS og sosiale medier), mottak av push-varsler og annen elektronisk markedsf\u00f8ring, registrerer vi hvilken markedsf\u00f8ring du \u00e5pner og hva du klikker p\u00e5 i den.<\/p>\n<p>1.3.2. Hvilken hensikt har innsamling av opplysninger ved hjelp av nyhetsbrev?<\/p>\n<p>Hensikten er \u00e5 ivareta v\u00e5r interesse i \u00e5 kunne tilby deg relevant markedsf\u00f8ring.<\/p>\n<p>1.3.3. Rettsgrunnlag<\/p>\n<p>Rettsgrunnlaget for behandlingen er personvernforordningen art. 6, nr. 1, bokstav a (EU 2016\/679).<\/p>\n<p>1.4. Kommunikasjon mellom deg og oss<\/p>\n<p>1.4.1 Innsamling av personopplysninger i din kommunikasjon med oss<\/p>\n<p>N\u00e5r du kommuniserer med oss, samler vi inn opplysningene du selv gir oss. Dette kan v\u00e6re navn, adresse, e-postadresse, telefonnummer, informasjon om tjenestene du bruker, og informasjon om foresp\u00f8rsler.<\/p>\n<p>1.4.2 Hva er hensikten med innsamlingen av personopplysninger gjennom kommunikasjonen mellom deg og oss?<\/p>\n<p>Hensikten er \u00e5 ivareta v\u00e5r interesse i \u00e5 kunne tilby relevant markedsf\u00f8ring til deg.<\/p>\n<p>1.4.3. Rettsgrunnlag<\/p>\n<p>Rettsgrunnlaget for behandlingen er personvernforordningen art. 6, nr. 1, bokstav b (EU 2016\/679).<\/p>\n<h3><strong>2. Mottakere av personopplysninger<\/strong><\/h3>\n<p>2.1 Utlevering av opplysningene dine som ledd i kj\u00f8ps- og leveringsprosessen<\/p>\n<p>2.1.1. Utlevering av opplysninger til brukeren du skal sitte p\u00e5 hos<\/p>\n<p>Vi oppgir opplysninger om navnet ditt, telefonnummer, hentested og avleveringssted til brukeren du skal sitte p\u00e5 hos (f\u00e5 skyss av).<\/p>\n<p>2.1.2. Utlevering av betalingsinformasjon<\/p>\n<p>Alle betalingstransaksjoner p\u00e5 Nabogo.com eller plattformen (appen) gj\u00f8res via betalingstjenesteleverand\u00f8rene v\u00e5re Quickpay og Stripe. Betalingstjenesteleverand\u00f8ren lagrer betalingsinformasjonen i henhold til den internasjonale PCI-standarden (Payment Card Industry \u2013 Data Security Standard). N\u00e5r du bruker et betalingsmiddel p\u00e5 Nabogo.com eller plattformen, har vi ikke tilgang til betalingsinformasjonen din \u2013 det er bare betalingstjenesteleverand\u00f8ren som har det.<\/p>\n<p>2.3. Utlevering av opplysningene dine til eksterne samarbeidspartnere<\/p>\n<p>Vi kan overf\u00f8re opplysningene dine til eksterne samarbeidspartnere som behandler opplysningene p\u00e5 v\u00e5re vegne. Disse kan blant annet v\u00e6re samarbeidspartnere som h\u00e5ndterer den tekniske driften og forbedringene av systemene og nettstedet, nyhetsbrevsending og m\u00e5lrettet markedsf\u00f8ring, blant annet \u00abretargeting\u00bb, samt din vurdering av virksomheten og produktene v\u00e5re. De eksterne samarbeidspartnerne er databehandlere, noe som inneb\u00e6rer at de er underlagt v\u00e5re instruksjoner og at de behandler opplysninger som vi er datakontrollere for. Ingen databehandler kan bruke de innsamlede opplysningene til noe annet form\u00e5l enn \u00e5 oppfylle avtalen med oss, og databehandleren er selvf\u00f8lgelig underlagt konfidensialitet ang\u00e5ende disse. Skriftlige databehandlingsavtaler inng\u00e5s med alle databehandlere.<\/p>\n<p>2.4. Utlevering av opplysningene dine til databehandlere utenfor EU\/E\u00d8S<\/p>\n<p>I den grad vi bruker databehandlere utenfor EU\/E\u00d8S, er de alltid underlagt gyldige overf\u00f8ringsgarantier i form av standard kontraktsbestemmelser som fastsatt i personvernforordningen art. 46.<\/p>\n<h3><strong>3. Dine rettigheter<\/strong><\/h3>\n<p>3.1. Rett til innsyn<\/p>\n<p>Du har alltid rett til \u00e5 be oss om utlevering av opplysninger, inkludert hvilke opplysninger vi har registrert om deg, hvilke form\u00e5l registreringen tjener, hvilke kategorier av personopplysninger og hvem mottakerne av opplysningene kan v\u00e6re, og informasjon om hvor opplysningene stammer fra.<\/p>\n<p>Du har rett til \u00e5 f\u00e5 en kopi av personopplysningene vi behandler om deg. Hvis du vil ha en kopi av personopplysningene dine, kan du sende en skriftlig foresp\u00f8rsel til anders@nabogo.com. Du vil bli bedt om \u00e5 dokumentere at du er den du gir deg ut for.<\/p>\n<p>3.2. Rett til retting<\/p>\n<p>Du har rett til \u00e5 f\u00e5 feilaktige personopplysninger om deg selv rettet av oss. Hvis du blir oppmerksom p\u00e5 at det er feil i opplysningene vi har registrert om deg, oppfordrer vi deg til \u00e5 kontakte oss skriftlig, slik at de kan rettes. Du vil bli bedt om \u00e5 dokumentere at du er den du gir deg ut for.<\/p>\n<p>3.3. Rett til sletting<\/p>\n<p>I visse tilfeller har du rett til \u00e5 f\u00e5 alle eller noen av personopplysningene slettet av oss, for eksempel hvis du trekker tilbake samtykket ditt og vi ikke har noe annet rettslig grunnlag for \u00e5 fortsette behandlingen. Hvis fortsatt behandling av dataene dine er n\u00f8dvendig, for eksempel for at vi skal kunne overholde v\u00e5re rettslige forpliktelser, eller for at rettslige krav skal kunne fastsettes, h\u00e5ndheves eller forsvares, er vi ikke forpliktet til \u00e5 slette personopplysningene dine. Du vil bli bedt om \u00e5 dokumentere at du er den du gir deg ut for.<\/p>\n<p>3.4. Rett til begrensning<\/p>\n<p>I visse tilfeller har du rett til \u00e5 f\u00e5 begrenset behandlingen av personopplysningene slik at den kun best\u00e5r av lagring, for eksempel hvis du mener at opplysningene vi behandler om deg, ikke er korrekte.&nbsp;<\/p>\n<p>3.5. Rett til dataportabilitet<\/p>\n<p>I visse tilfeller har du rett til \u00e5 f\u00e5 personopplysninger du selv har gitt oss, utlevert i et strukturert, vanlig og maskinlesbart format og til \u00e5 overf\u00f8re denne informasjonen til en annen datakontroll\u00f8r.<\/p>\n<p>3.6. Rett til \u00e5 protestere<\/p>\n<p>Du har n\u00e5r som helst rett til \u00e5 protestere p\u00e5 behandlingen av personopplysningene dine med hensyn til direkte markedsf\u00f8ring, blant annet profileringen som gj\u00f8res for \u00e5 kunne m\u00e5lrette direkte markedsf\u00f8ring, da denne behandlingen gj\u00f8res p\u00e5 grunnlag av v\u00e5re legitime interesser, jf. punkt 1.1, 1.2, 1.3 og 1.4. Hvis du ikke vil at vi skal bruke personopplysningene til direkte markedsf\u00f8ring og profilering, m\u00e5 du slette informasjonskapslene dine som beskrevet i retningslinjene for informasjonskapsler.<\/p>\n<p>3.7. Rett til \u00e5 tilbakekalle samtykke<\/p>\n<p>Du har n\u00e5r som helst rett til \u00e5 tilbakekalle et samtykke du har gitt oss til en gitt behandling av personopplysninger, blant annet sending av nyhetsbrev.<\/p>\n<p>3.8. Rett til \u00e5 klage<\/p>\n<p>Du kan n\u00e5r som helst sende inn en klage til en databeskyttelsesmyndighet, f.eks. Datatilsynet.<\/p>\n<p>Du kan benytte rettighetene dine ved \u00e5 skrive til dataansvarlig p\u00e5 <a href=\"mailto:anders@nabogo.com\">anders@nabogo.com<\/a> eller p\u00e5 telefon +4571792244.<\/p>\n<h3><strong>4. Sletting av personopplysninger<\/strong><\/h3>\n<p>4.1.&nbsp;Opplysninger som samles inn i forbindelse med din bruk av Nabogo.com, jf. punkt 1.1.<\/p>\n<p>Opplysninger som samles inn om bruken din av Nabogo.com i henhold til punkt 1.1., slettes i samsvar med retningslinjene for informasjonskapsler. Informasjonskapslene som Nabogo.com selv gir, slettes senest 2 \u00e5r etter at du sist var p\u00e5 nettstedet, mens tredjeparts informasjonskapsler har varierende utl\u00f8psfrister.<\/p>\n<p>4.2. Opplysninger samlet inn i forbindelse med din bruk av plattformen, jf. punkt 1.2.<\/p>\n<p>Opplysninger som vi samler inn i forbindelse med bruken din av plattformen som nevnt i punkt 1.2., blir slettet s\u00e5 snart kundeforholdet mellom deg og oss avsluttes. Vi forbeholder oss imidlertid retten til \u00e5 lagre opplysningene over lengre tid hvis vi har et legitimt grunnlag for lengre lagring \u2014 for eksempel hvis det er n\u00f8dvendig for fastsetting, h\u00e5ndheving eller forsvaring av et juridisk krav, eller at lagringen er n\u00f8dvendig for \u00e5 overholde lovkrav.<\/p>\n<p>4.3. Opplysninger samlet inn via nyhetsbrev, push-varsler osv., jf. punkt 1.3<\/p>\n<p>Opplysninger som samles inn i forbindelse med at du abonnerer p\u00e5 nyhetsbrev, push-varsler og annen elektronisk markedsf\u00f8ring som angitt i punkt 1.3., skal slettes hvis du trekker tilbake samtykket til elektronisk markedsf\u00f8ring, med mindre vi har et annet grunnlag for behandling av opplysningene.<\/p>\n<p>4.4. Opplysninger samlet inn gjennom din kommunikasjon med oss, jf. punkt 1.4.<\/p>\n<p>Opplysninger som samles inn gjennom kommunikasjon med oss, som beskrevet i punkt 1.4., blir slettet s\u00e5 snart kundeforholdet mellom deg og oss er avsluttet. Vi forbeholder oss imidlertid retten til \u00e5 lagre opplysningene over lengre tid hvis vi har et legitimt grunnlag for lengre lagring \u2014 for eksempel hvis det er n\u00f8dvendig for fastsetting, h\u00e5ndheving eller forsvaring av et juridisk krav, eller at lagringen er n\u00f8dvendig for \u00e5 overholde lovkrav.<\/p>\n<h3><strong>5. Sikkerhet<\/strong><\/h3>\n<p>5.1. Tekniske foranstaltninger<\/p>\n<p>Vi har iverksatt hensiktsmessige tekniske og organisatoriske sikkerhetstiltak mot utilsiktet eller ulovlig \u00f8deleggelse, tap, endring eller forringelse av personopplysninger, og mot at de kommer uvedkommende i hende eller misbrukes.<\/p>\n<p>5.2. Ansattes tilgang til opplysningene dine<\/p>\n<p>Bare ansatte som har et reelt behov for \u00e5 f\u00e5 tilgang til personopplysningene dine for \u00e5 gj\u00f8re jobben sin, har tilgang til dem.<\/p>\n<h3><strong>6. Endringer i personvernerkl\u00e6ringen<\/strong><\/h3>\n<p>6.1. Rett til \u00e5 gj\u00f8re endringer i personvernerkl\u00e6ringen<\/p>\n<p>Hvis vi gj\u00f8r endringer i personvernerkl\u00e6ringen, blir du informert om dette neste gang du g\u00e5r til Nabogo.com og via plattformen.<\/p>\n<p>Sist oppdatert: 29. juni 2022<\/p>\t\t\t\t\t\t\t\t<\/div>\n\t\t\t\t<\/div>\n\t\t\t\t\t<\/div>\n\t\t<\/div>\n\t\t\t\t\t<\/div>\n\t\t<\/section>\n\t\t\t\t<\/div>\n\t\t","protected":false},"excerpt":{"rendered":"<p>Personvernerkl\u00e6ring Denne personvernerkl\u00e6ringen forklarer hvordan Nabogo ApS (heretter \u00abvi\u00bb, \u00abv\u00e5r\u00bb eller \u00aboss\u00bb) samler inn og behandler personopplysningene dine. Den juridiske enheten som er ansvarlig for \u00e5 behandle personopplysningene dine, er: Nabogo ApS Lysholt All\u00e9 6 7100 Vejle Danmark CVR (organisasjonsnummer): 39404060 Nabogo Aps kan kontaktes p\u00e5 enten anders@nabogo.com eller telefonnummer +4571792244. Denne personvernerkl\u00e6ringen gjelder personopplysninger [&hellip;]<\/p>\n","protected":false},"author":1,"featured_media":0,"parent":0,"menu_order":7,"comment_status":"closed","ping_status":"open","template":"","meta":{"content-type":"","footnotes":""},"class_list":["post-11943","page","type-page","status-publish","hentry"],"yoast_head":"<!-- This site is optimized with the Yoast SEO plugin v27.5 - https:\/\/yoast.com\/product\/yoast-seo-wordpress\/ -->\n<title>nabogo | Personvernerkl\u00e6ring<\/title>\n<meta name=\"robots\" content=\"index, follow, max-snippet:-1, max-image-preview:large, max-video-preview:-1\" \/>\n<link rel=\"canonical\" href=\"https:\/\/nabogo.com\/no\/personvernerklaering\/\" \/>\n<meta property=\"og:locale\" content=\"nb_NO\" \/>\n<meta property=\"og:type\" content=\"article\" \/>\n<meta property=\"og:title\" content=\"nabogo | Personvernerkl\u00e6ring\" \/>\n<meta property=\"og:description\" content=\"Personvernerkl\u00e6ring Denne personvernerkl\u00e6ringen forklarer hvordan Nabogo ApS (heretter \u00abvi\u00bb, \u00abv\u00e5r\u00bb eller \u00aboss\u00bb) samler inn og behandler personopplysningene dine. Den juridiske enheten som er ansvarlig for \u00e5 behandle personopplysningene dine, er: Nabogo ApS Lysholt All\u00e9 6 7100 Vejle Danmark CVR (organisasjonsnummer): 39404060 Nabogo Aps kan kontaktes p\u00e5 enten anders@nabogo.com eller telefonnummer +4571792244. Denne personvernerkl\u00e6ringen gjelder personopplysninger [&hellip;]\" \/>\n<meta property=\"og:url\" content=\"https:\/\/nabogo.com\/no\/personvernerklaering\/\" \/>\n<meta property=\"og:site_name\" content=\"nabogo\" \/>\n<meta property=\"article:publisher\" content=\"https:\/\/www.facebook.com\/nabogo.dk\/\" \/>\n<meta property=\"article:modified_time\" content=\"2025-07-29T11:29:04+00:00\" \/>\n<meta name=\"twitter:card\" content=\"summary_large_image\" \/>\n<meta name=\"twitter:site\" content=\"@go_nabo\" \/>\n<meta name=\"twitter:label1\" content=\"Ansl. lesetid\" \/>\n\t<meta name=\"twitter:data1\" content=\"10 minutter\" \/>\n<script type=\"application\/ld+json\" class=\"yoast-schema-graph\">{\"@context\":\"https:\\\/\\\/schema.org\",\"@graph\":[{\"@type\":\"WebPage\",\"@id\":\"https:\\\/\\\/nabogo.com\\\/no\\\/personvernerklaering\\\/\",\"url\":\"https:\\\/\\\/nabogo.com\\\/no\\\/personvernerklaering\\\/\",\"name\":\"nabogo | Personvernerkl\u00e6ring\",\"isPartOf\":{\"@id\":\"https:\\\/\\\/nabogo.com\\\/no\\\/#website\"},\"datePublished\":\"2019-07-10T09:30:22+00:00\",\"dateModified\":\"2025-07-29T11:29:04+00:00\",\"breadcrumb\":{\"@id\":\"https:\\\/\\\/nabogo.com\\\/no\\\/personvernerklaering\\\/#breadcrumb\"},\"inLanguage\":\"nb-NO\",\"potentialAction\":[{\"@type\":\"ReadAction\",\"target\":[\"https:\\\/\\\/nabogo.com\\\/no\\\/personvernerklaering\\\/\"]}]},{\"@type\":\"BreadcrumbList\",\"@id\":\"https:\\\/\\\/nabogo.com\\\/no\\\/personvernerklaering\\\/#breadcrumb\",\"itemListElement\":[{\"@type\":\"ListItem\",\"position\":1,\"name\":\"Hjem\",\"item\":\"https:\\\/\\\/nabogo.com\\\/no\\\/\"},{\"@type\":\"ListItem\",\"position\":2,\"name\":\"Personvernerkl\u00e6ring\"}]},{\"@type\":\"WebSite\",\"@id\":\"https:\\\/\\\/nabogo.com\\\/no\\\/#website\",\"url\":\"https:\\\/\\\/nabogo.com\\\/no\\\/\",\"name\":\"nabogo\",\"description\":\"nabogo \u2013 lokal samk\u00f8rsel\",\"publisher\":{\"@id\":\"https:\\\/\\\/nabogo.com\\\/no\\\/#organization\"},\"potentialAction\":[{\"@type\":\"SearchAction\",\"target\":{\"@type\":\"EntryPoint\",\"urlTemplate\":\"https:\\\/\\\/nabogo.com\\\/no\\\/?s={search_term_string}\"},\"query-input\":{\"@type\":\"PropertyValueSpecification\",\"valueRequired\":true,\"valueName\":\"search_term_string\"}}],\"inLanguage\":\"nb-NO\"},{\"@type\":\"Organization\",\"@id\":\"https:\\\/\\\/nabogo.com\\\/no\\\/#organization\",\"name\":\"NaboGO\",\"url\":\"https:\\\/\\\/nabogo.com\\\/no\\\/\",\"logo\":{\"@type\":\"ImageObject\",\"inLanguage\":\"nb-NO\",\"@id\":\"https:\\\/\\\/nabogo.com\\\/no\\\/#\\\/schema\\\/logo\\\/image\\\/\",\"url\":\"\",\"contentUrl\":\"\",\"caption\":\"NaboGO\"},\"image\":{\"@id\":\"https:\\\/\\\/nabogo.com\\\/no\\\/#\\\/schema\\\/logo\\\/image\\\/\"},\"sameAs\":[\"https:\\\/\\\/www.facebook.com\\\/nabogo.dk\\\/\",\"https:\\\/\\\/x.com\\\/go_nabo\",\"https:\\\/\\\/www.instagram.com\\\/nabogo_official\\\/?hl=da\",\"https:\\\/\\\/www.linkedin.com\\\/company\\\/nabotrailer\\\/\"]}]}<\/script>\n<!-- \/ Yoast SEO plugin. -->","yoast_head_json":{"title":"nabogo | Personvernerkl\u00e6ring","robots":{"index":"index","follow":"follow","max-snippet":"max-snippet:-1","max-image-preview":"max-image-preview:large","max-video-preview":"max-video-preview:-1"},"canonical":"https:\/\/nabogo.com\/no\/personvernerklaering\/","og_locale":"nb_NO","og_type":"article","og_title":"nabogo | Personvernerkl\u00e6ring","og_description":"Personvernerkl\u00e6ring Denne personvernerkl\u00e6ringen forklarer hvordan Nabogo ApS (heretter \u00abvi\u00bb, \u00abv\u00e5r\u00bb eller \u00aboss\u00bb) samler inn og behandler personopplysningene dine. Den juridiske enheten som er ansvarlig for \u00e5 behandle personopplysningene dine, er: Nabogo ApS Lysholt All\u00e9 6 7100 Vejle Danmark CVR (organisasjonsnummer): 39404060 Nabogo Aps kan kontaktes p\u00e5 enten anders@nabogo.com eller telefonnummer +4571792244. Denne personvernerkl\u00e6ringen gjelder personopplysninger [&hellip;]","og_url":"https:\/\/nabogo.com\/no\/personvernerklaering\/","og_site_name":"nabogo","article_publisher":"https:\/\/www.facebook.com\/nabogo.dk\/","article_modified_time":"2025-07-29T11:29:04+00:00","twitter_card":"summary_large_image","twitter_site":"@go_nabo","twitter_misc":{"Ansl. lesetid":"10 minutter"},"schema":{"@context":"https:\/\/schema.org","@graph":[{"@type":"WebPage","@id":"https:\/\/nabogo.com\/no\/personvernerklaering\/","url":"https:\/\/nabogo.com\/no\/personvernerklaering\/","name":"nabogo | Personvernerkl\u00e6ring","isPartOf":{"@id":"https:\/\/nabogo.com\/no\/#website"},"datePublished":"2019-07-10T09:30:22+00:00","dateModified":"2025-07-29T11:29:04+00:00","breadcrumb":{"@id":"https:\/\/nabogo.com\/no\/personvernerklaering\/#breadcrumb"},"inLanguage":"nb-NO","potentialAction":[{"@type":"ReadAction","target":["https:\/\/nabogo.com\/no\/personvernerklaering\/"]}]},{"@type":"BreadcrumbList","@id":"https:\/\/nabogo.com\/no\/personvernerklaering\/#breadcrumb","itemListElement":[{"@type":"ListItem","position":1,"name":"Hjem","item":"https:\/\/nabogo.com\/no\/"},{"@type":"ListItem","position":2,"name":"Personvernerkl\u00e6ring"}]},{"@type":"WebSite","@id":"https:\/\/nabogo.com\/no\/#website","url":"https:\/\/nabogo.com\/no\/","name":"nabogo","description":"nabogo \u2013 lokal samk\u00f8rsel","publisher":{"@id":"https:\/\/nabogo.com\/no\/#organization"},"potentialAction":[{"@type":"SearchAction","target":{"@type":"EntryPoint","urlTemplate":"https:\/\/nabogo.com\/no\/?s={search_term_string}"},"query-input":{"@type":"PropertyValueSpecification","valueRequired":true,"valueName":"search_term_string"}}],"inLanguage":"nb-NO"},{"@type":"Organization","@id":"https:\/\/nabogo.com\/no\/#organization","name":"NaboGO","url":"https:\/\/nabogo.com\/no\/","logo":{"@type":"ImageObject","inLanguage":"nb-NO","@id":"https:\/\/nabogo.com\/no\/#\/schema\/logo\/image\/","url":"","contentUrl":"","caption":"NaboGO"},"image":{"@id":"https:\/\/nabogo.com\/no\/#\/schema\/logo\/image\/"},"sameAs":["https:\/\/www.facebook.com\/nabogo.dk\/","https:\/\/x.com\/go_nabo","https:\/\/www.instagram.com\/nabogo_official\/?hl=da","https:\/\/www.linkedin.com\/company\/nabotrailer\/"]}]}},"_links":{"self":[{"href":"https:\/\/nabogo.com\/no\/wp-json\/wp\/v2\/pages\/11943","targetHints":{"allow":["GET"]}}],"collection":[{"href":"https:\/\/nabogo.com\/no\/wp-json\/wp\/v2\/pages"}],"about":[{"href":"https:\/\/nabogo.com\/no\/wp-json\/wp\/v2\/types\/page"}],"author":[{"embeddable":true,"href":"https:\/\/nabogo.com\/no\/wp-json\/wp\/v2\/users\/1"}],"replies":[{"embeddable":true,"href":"https:\/\/nabogo.com\/no\/wp-json\/wp\/v2\/comments?post=11943"}],"version-history":[{"count":12,"href":"https:\/\/nabogo.com\/no\/wp-json\/wp\/v2\/pages\/11943\/revisions"}],"predecessor-version":[{"id":28855,"href":"https:\/\/nabogo.com\/no\/wp-json\/wp\/v2\/pages\/11943\/revisions\/28855"}],"wp:attachment":[{"href":"https:\/\/nabogo.com\/no\/wp-json\/wp\/v2\/media?parent=11943"}],"curies":[{"name":"wp","href":"https:\/\/api.w.org\/{rel}","templated":true}]}}