{"id":12994,"date":"2022-07-15T09:49:13","date_gmt":"2022-07-15T09:49:13","guid":{"rendered":"https:\/\/nabogo.com\/job\/"},"modified":"2025-07-29T13:41:45","modified_gmt":"2025-07-29T11:41:45","slug":"jobb","status":"publish","type":"page","link":"https:\/\/nabogo.com\/no\/jobb\/","title":{"rendered":"Jobb"},"content":{"rendered":"\t\t<div data-elementor-type=\"wp-page\" data-elementor-id=\"12994\" class=\"elementor elementor-12994 elementor-8874\" wpc-filter-elementor-widget=\"1\" data-elementor-post-type=\"page\">\n\t\t\t\t\t\t<section class=\"elementor-section elementor-top-section elementor-element elementor-element-617b88d elementor-section-content-middle elementor-section-boxed elementor-section-height-default elementor-section-height-default\" data-id=\"617b88d\" data-element_type=\"section\" data-e-type=\"section\" data-settings=\"{&quot;background_background&quot;:&quot;classic&quot;}\">\n\t\t\t\t\t\t<div class=\"elementor-container elementor-column-gap-default\">\n\t\t\t\t\t<div class=\"elementor-column elementor-col-50 elementor-top-column elementor-element elementor-element-658ea2d\" data-id=\"658ea2d\" data-element_type=\"column\" data-e-type=\"column\">\n\t\t\t<div class=\"elementor-widget-wrap elementor-element-populated\">\n\t\t\t\t\t\t<div class=\"elementor-element elementor-element-7d9472f elementor-widget elementor-widget-heading\" data-id=\"7d9472f\" data-element_type=\"widget\" data-e-type=\"widget\" data-widget_type=\"heading.default\">\n\t\t\t\t<div class=\"elementor-widget-container\">\n\t\t\t\t\t<h1 class=\"elementor-heading-title elementor-size-default\">Jobb hos nabogo<\/h1>\t\t\t\t<\/div>\n\t\t\t\t<\/div>\n\t\t\t\t<div class=\"elementor-element elementor-element-b9b299d elementor-widget elementor-widget-text-editor\" data-id=\"b9b299d\" data-element_type=\"widget\" data-e-type=\"widget\" data-widget_type=\"text-editor.default\">\n\t\t\t\t<div class=\"elementor-widget-container\">\n\t\t\t\t\t\t\t\t\t<p>Takk for at du titter innom jobbsiden v\u00e5r. N\u00e5r vi har ledige jobber, publiserer vi dem her.<\/p><p>Hvis det ikke er noen ledig jobb for tiden, men du gjerne vil arbeide med oss, h\u00f8rer vi ogs\u00e5 gjerne fra deg. I s\u00e5 fall er du velkommen til \u00e5 sende oss en mail: <strong>job@nabogo.com<\/strong><\/p>\t\t\t\t\t\t\t\t<\/div>\n\t\t\t\t<\/div>\n\t\t\t\t<div class=\"elementor-element elementor-element-a74deda elementor-widget elementor-widget-text-editor\" data-id=\"a74deda\" data-element_type=\"widget\" data-e-type=\"widget\" data-widget_type=\"text-editor.default\">\n\t\t\t\t<div class=\"elementor-widget-container\">\n\t\t\t\t\t\t\t\t\t<p>Du kan ogs\u00e5 bli bedre kjent med oss p\u00e5 v\u00e5re sosiale medier:<\/p>\t\t\t\t\t\t\t\t<\/div>\n\t\t\t\t<\/div>\n\t\t\t\t<section class=\"elementor-section elementor-inner-section elementor-element elementor-element-eeedac9 elementor-section-boxed elementor-section-height-default elementor-section-height-default\" data-id=\"eeedac9\" data-element_type=\"section\" data-e-type=\"section\">\n\t\t\t\t\t\t<div class=\"elementor-container elementor-column-gap-default\">\n\t\t\t\t\t<div class=\"elementor-column elementor-col-25 elementor-inner-column elementor-element elementor-element-46a6ccb\" data-id=\"46a6ccb\" data-element_type=\"column\" data-e-type=\"column\">\n\t\t\t<div class=\"elementor-widget-wrap elementor-element-populated\">\n\t\t\t\t\t\t<div class=\"elementor-element elementor-element-7537a9f elementor-view-default elementor-widget elementor-widget-icon\" data-id=\"7537a9f\" data-element_type=\"widget\" data-e-type=\"widget\" data-widget_type=\"icon.default\">\n\t\t\t\t<div class=\"elementor-widget-container\">\n\t\t\t\t\t\t\t<div class=\"elementor-icon-wrapper\">\n\t\t\t<a class=\"elementor-icon\" href=\"https:\/\/www.linkedin.com\/company\/nabogo\/\">\n\t\t\t<i aria-hidden=\"true\" class=\"fab fa-linkedin-in\"><\/i>\t\t\t<\/a>\n\t\t<\/div>\n\t\t\t\t\t\t<\/div>\n\t\t\t\t<\/div>\n\t\t\t\t\t<\/div>\n\t\t<\/div>\n\t\t\t\t<div class=\"elementor-column elementor-col-25 elementor-inner-column elementor-element elementor-element-f7fbd51\" data-id=\"f7fbd51\" data-element_type=\"column\" data-e-type=\"column\">\n\t\t\t<div class=\"elementor-widget-wrap elementor-element-populated\">\n\t\t\t\t\t\t<div class=\"elementor-element elementor-element-cb43b60 elementor-view-default elementor-widget elementor-widget-icon\" data-id=\"cb43b60\" data-element_type=\"widget\" data-e-type=\"widget\" data-widget_type=\"icon.default\">\n\t\t\t\t<div class=\"elementor-widget-container\">\n\t\t\t\t\t\t\t<div class=\"elementor-icon-wrapper\">\n\t\t\t<a class=\"elementor-icon\" href=\"https:\/\/twitter.com\/nabo_go?ref_src=twsrc%5Egoogle%7Ctwcamp%5Eserp%7Ctwgr%5Eauthor\">\n\t\t\t<i aria-hidden=\"true\" class=\"fab fa-twitter\"><\/i>\t\t\t<\/a>\n\t\t<\/div>\n\t\t\t\t\t\t<\/div>\n\t\t\t\t<\/div>\n\t\t\t\t\t<\/div>\n\t\t<\/div>\n\t\t\t\t<div class=\"elementor-column elementor-col-25 elementor-inner-column elementor-element elementor-element-1508e7b\" data-id=\"1508e7b\" data-element_type=\"column\" data-e-type=\"column\">\n\t\t\t<div class=\"elementor-widget-wrap elementor-element-populated\">\n\t\t\t\t\t\t<div class=\"elementor-element elementor-element-a43cfad elementor-view-default elementor-widget elementor-widget-icon\" data-id=\"a43cfad\" data-element_type=\"widget\" data-e-type=\"widget\" data-widget_type=\"icon.default\">\n\t\t\t\t<div class=\"elementor-widget-container\">\n\t\t\t\t\t\t\t<div class=\"elementor-icon-wrapper\">\n\t\t\t<a class=\"elementor-icon\" href=\"https:\/\/www.facebook.com\/nabogo.dk\/\">\n\t\t\t<i aria-hidden=\"true\" class=\"fab fa-facebook\"><\/i>\t\t\t<\/a>\n\t\t<\/div>\n\t\t\t\t\t\t<\/div>\n\t\t\t\t<\/div>\n\t\t\t\t\t<\/div>\n\t\t<\/div>\n\t\t\t\t<div class=\"elementor-column elementor-col-25 elementor-inner-column elementor-element elementor-element-3ca4552\" data-id=\"3ca4552\" data-element_type=\"column\" data-e-type=\"column\">\n\t\t\t<div class=\"elementor-widget-wrap elementor-element-populated\">\n\t\t\t\t\t\t<div class=\"elementor-element elementor-element-07437b8 elementor-view-default elementor-widget elementor-widget-icon\" data-id=\"07437b8\" data-element_type=\"widget\" data-e-type=\"widget\" data-widget_type=\"icon.default\">\n\t\t\t\t<div class=\"elementor-widget-container\">\n\t\t\t\t\t\t\t<div class=\"elementor-icon-wrapper\">\n\t\t\t<a class=\"elementor-icon\" href=\"https:\/\/www.instagram.com\/nabogodk\/\">\n\t\t\t<i aria-hidden=\"true\" class=\"fab fa-instagram\"><\/i>\t\t\t<\/a>\n\t\t<\/div>\n\t\t\t\t\t\t<\/div>\n\t\t\t\t<\/div>\n\t\t\t\t\t<\/div>\n\t\t<\/div>\n\t\t\t\t\t<\/div>\n\t\t<\/section>\n\t\t\t\t\t<\/div>\n\t\t<\/div>\n\t\t\t\t<div class=\"elementor-column elementor-col-50 elementor-top-column elementor-element elementor-element-0a8e22c\" data-id=\"0a8e22c\" data-element_type=\"column\" data-e-type=\"column\">\n\t\t\t<div class=\"elementor-widget-wrap elementor-element-populated\">\n\t\t\t\t\t\t<div class=\"elementor-element elementor-element-9328e09 elementor-widget elementor-widget-image\" data-id=\"9328e09\" data-element_type=\"widget\" data-e-type=\"widget\" data-widget_type=\"image.default\">\n\t\t\t\t<div class=\"elementor-widget-container\">\n\t\t\t\t\t\t\t\t\t\t\t\t\t\t\t<img fetchpriority=\"high\" decoding=\"async\" width=\"800\" height=\"1003\" src=\"https:\/\/nabogo.com\/wp-content\/uploads\/2022\/08\/gymnaster.png\" class=\"attachment-large size-large wp-image-13001\" alt=\"\" srcset=\"https:\/\/nabogo.com\/wp-content\/uploads\/2022\/08\/gymnaster.png 816w, https:\/\/nabogo.com\/wp-content\/uploads\/2022\/08\/gymnaster-239x300.png 239w, https:\/\/nabogo.com\/wp-content\/uploads\/2022\/08\/gymnaster-768x963.png 768w\" sizes=\"(max-width: 800px) 100vw, 800px\" \/>\t\t\t\t\t\t\t\t\t\t\t\t\t\t\t<\/div>\n\t\t\t\t<\/div>\n\t\t\t\t\t<\/div>\n\t\t<\/div>\n\t\t\t\t\t<\/div>\n\t\t<\/section>\n\t\t\t\t<section class=\"elementor-section elementor-top-section elementor-element elementor-element-b251708 elementor-section-boxed elementor-section-height-default elementor-section-height-default\" data-id=\"b251708\" data-element_type=\"section\" data-e-type=\"section\" data-settings=\"{&quot;background_background&quot;:&quot;classic&quot;}\">\n\t\t\t\t\t\t<div class=\"elementor-container elementor-column-gap-default\">\n\t\t\t\t\t<div class=\"elementor-column elementor-col-100 elementor-top-column elementor-element elementor-element-f97fcd7\" data-id=\"f97fcd7\" data-element_type=\"column\" data-e-type=\"column\">\n\t\t\t<div class=\"elementor-widget-wrap elementor-element-populated\">\n\t\t\t\t\t\t<div class=\"elementor-element elementor-element-7562896 elementor-widget elementor-widget-heading\" data-id=\"7562896\" data-element_type=\"widget\" data-e-type=\"widget\" data-widget_type=\"heading.default\">\n\t\t\t\t<div class=\"elementor-widget-container\">\n\t\t\t\t\t<h2 class=\"elementor-heading-title elementor-size-default\">Ledige stillinger<\/h2>\t\t\t\t<\/div>\n\t\t\t\t<\/div>\n\t\t\t\t\t<\/div>\n\t\t<\/div>\n\t\t\t\t\t<\/div>\n\t\t<\/section>\n\t\t\t\t<section class=\"elementor-section elementor-top-section elementor-element elementor-element-49ce891 elementor-section-boxed elementor-section-height-default elementor-section-height-default\" data-id=\"49ce891\" data-element_type=\"section\" data-e-type=\"section\" data-settings=\"{&quot;background_background&quot;:&quot;classic&quot;}\">\n\t\t\t\t\t\t<div class=\"elementor-container elementor-column-gap-default\">\n\t\t\t\t\t<div class=\"elementor-column elementor-col-100 elementor-top-column elementor-element elementor-element-df000b1\" data-id=\"df000b1\" data-element_type=\"column\" data-e-type=\"column\">\n\t\t\t<div class=\"elementor-widget-wrap elementor-element-populated\">\n\t\t\t\t\t\t<div class=\"elementor-element elementor-element-66b5022 elementor-widget elementor-widget-heading\" data-id=\"66b5022\" data-element_type=\"widget\" data-e-type=\"widget\" data-widget_type=\"heading.default\">\n\t\t\t\t<div class=\"elementor-widget-container\">\n\t\t\t\t\t<h3 class=\"elementor-heading-title elementor-size-default\">Projesktleder <\/h3>\t\t\t\t<\/div>\n\t\t\t\t<\/div>\n\t\t\t\t<div class=\"elementor-element elementor-element-604b8bb elementor-widget elementor-widget-text-editor\" data-id=\"604b8bb\" data-element_type=\"widget\" data-e-type=\"widget\" data-widget_type=\"text-editor.default\">\n\t\t\t\t<div class=\"elementor-widget-container\">\n\t\t\t\t\t\t\t\t\t<p><strong>Stillingstype: <\/strong>Projeksleder &#8211; Bergen, Vestland, Norge<\/p>\n<p><\/p>\t\t\t\t\t\t\t\t<\/div>\n\t\t\t\t<\/div>\n\t\t\t\t<div class=\"elementor-element elementor-element-e8a599d elementor-align-left elementor-mobile-align-center elementor-widget elementor-widget-button\" data-id=\"e8a599d\" data-element_type=\"widget\" data-e-type=\"widget\" data-widget_type=\"button.default\">\n\t\t\t\t<div class=\"elementor-widget-container\">\n\t\t\t\t\t\t\t\t\t<div class=\"elementor-button-wrapper\">\n\t\t\t\t\t<a class=\"elementor-button elementor-button-link elementor-size-md\" href=\"https:\/\/www.linkedin.com\/jobs\/view\/4082476941\/?refId=rAM%2BImJTTkWvjX%2FI5Diw4A%3D%3D&#038;trackingId=rAM%2BImJTTkWvjX%2FI5Diw4A%3D%3D\" target=\"_blank\">\n\t\t\t\t\t\t<span class=\"elementor-button-content-wrapper\">\n\t\t\t\t\t\t<span class=\"elementor-button-icon\">\n\t\t\t\t<i aria-hidden=\"true\" class=\"icon icon-right-arrow\"><\/i>\t\t\t<\/span>\n\t\t\t\t\t\t\t\t\t<span class=\"elementor-button-text\">Les stillingsannonsen<\/span>\n\t\t\t\t\t<\/span>\n\t\t\t\t\t<\/a>\n\t\t\t\t<\/div>\n\t\t\t\t\t\t\t\t<\/div>\n\t\t\t\t<\/div>\n\t\t\t\t<div class=\"elementor-element elementor-element-5c3cb3b elementor-widget elementor-widget-spacer\" data-id=\"5c3cb3b\" data-element_type=\"widget\" data-e-type=\"widget\" data-widget_type=\"spacer.default\">\n\t\t\t\t<div class=\"elementor-widget-container\">\n\t\t\t\t\t\t\t<div class=\"elementor-spacer\">\n\t\t\t<div class=\"elementor-spacer-inner\"><\/div>\n\t\t<\/div>\n\t\t\t\t\t\t<\/div>\n\t\t\t\t<\/div>\n\t\t\t\t\t<\/div>\n\t\t<\/div>\n\t\t\t\t\t<\/div>\n\t\t<\/section>\n\t\t\t\t<section class=\"elementor-section elementor-top-section elementor-element elementor-element-83a4489 elementor-hidden-desktop elementor-hidden-tablet elementor-hidden-mobile elementor-section-boxed elementor-section-height-default elementor-section-height-default\" data-id=\"83a4489\" data-element_type=\"section\" data-e-type=\"section\" data-settings=\"{&quot;background_background&quot;:&quot;classic&quot;}\">\n\t\t\t\t\t\t<div class=\"elementor-container elementor-column-gap-default\">\n\t\t\t\t\t<div class=\"elementor-column elementor-col-100 elementor-top-column elementor-element elementor-element-25c96ea\" data-id=\"25c96ea\" data-element_type=\"column\" data-e-type=\"column\">\n\t\t\t<div class=\"elementor-widget-wrap elementor-element-populated\">\n\t\t\t\t\t\t<div class=\"elementor-element elementor-element-7212f62 elementor-widget elementor-widget-heading\" data-id=\"7212f62\" data-element_type=\"widget\" data-e-type=\"widget\" data-widget_type=\"heading.default\">\n\t\t\t\t<div class=\"elementor-widget-container\">\n\t\t\t\t\t<h3 class=\"elementor-heading-title elementor-size-default\">Brugerrekruttering og markedsf\u00f8ring<\/h3>\t\t\t\t<\/div>\n\t\t\t\t<\/div>\n\t\t\t\t<div class=\"elementor-element elementor-element-62c4da6 elementor-widget elementor-widget-text-editor\" data-id=\"62c4da6\" data-element_type=\"widget\" data-e-type=\"widget\" data-widget_type=\"text-editor.default\">\n\t\t\t\t<div class=\"elementor-widget-container\">\n\t\t\t\t\t\t\t\t\t<p><strong>Stilling:<\/strong> Studentermedhj\u00e6lper<\/p><p><strong>Lokation:<\/strong> K\u00f8benhavn og omegn<\/p><p><strong>Ans\u00f8gningsfrist:<\/strong> L\u00f8bende<\/p>\t\t\t\t\t\t\t\t<\/div>\n\t\t\t\t<\/div>\n\t\t\t\t<div class=\"elementor-element elementor-element-e8e115f elementor-align-left elementor-mobile-align-center elementor-widget elementor-widget-button\" data-id=\"e8e115f\" data-element_type=\"widget\" data-e-type=\"widget\" data-widget_type=\"button.default\">\n\t\t\t\t<div class=\"elementor-widget-container\">\n\t\t\t\t\t\t\t\t\t<div class=\"elementor-button-wrapper\">\n\t\t\t\t\t<a class=\"elementor-button elementor-button-link elementor-size-md\" href=\"#\">\n\t\t\t\t\t\t<span class=\"elementor-button-content-wrapper\">\n\t\t\t\t\t\t<span class=\"elementor-button-icon\">\n\t\t\t\t<i aria-hidden=\"true\" class=\"icon icon-right-arrow\"><\/i>\t\t\t<\/span>\n\t\t\t\t\t\t\t\t\t<span class=\"elementor-button-text\">L\u00e6s jobopslag<\/span>\n\t\t\t\t\t<\/span>\n\t\t\t\t\t<\/a>\n\t\t\t\t<\/div>\n\t\t\t\t\t\t\t\t<\/div>\n\t\t\t\t<\/div>\n\t\t\t\t\t<\/div>\n\t\t<\/div>\n\t\t\t\t\t<\/div>\n\t\t<\/section>\n\t\t\t\t<\/div>\n\t\t","protected":false},"excerpt":{"rendered":"<p>Jobb hos nabogo Takk for at du titter innom jobbsiden v\u00e5r. N\u00e5r vi har ledige jobber, publiserer vi dem her. Hvis det ikke er noen ledig jobb for tiden, men du gjerne vil arbeide med oss, h\u00f8rer vi ogs\u00e5 gjerne fra deg. I s\u00e5 fall er du velkommen til \u00e5 sende oss en mail: job@nabogo.com [&hellip;]<\/p>\n","protected":false},"author":8,"featured_media":0,"parent":0,"menu_order":0,"comment_status":"closed","ping_status":"closed","template":"","meta":{"content-type":"","footnotes":""},"class_list":["post-12994","page","type-page","status-publish","hentry"],"yoast_head":"<!-- This site is optimized with the Yoast SEO plugin v27.5 - https:\/\/yoast.com\/product\/yoast-seo-wordpress\/ -->\n<title>nabogo | Jobb<\/title>\n<meta name=\"robots\" content=\"index, follow, max-snippet:-1, max-image-preview:large, max-video-preview:-1\" \/>\n<link rel=\"canonical\" href=\"https:\/\/nabogo.com\/no\/jobb\/\" \/>\n<meta property=\"og:locale\" content=\"nb_NO\" \/>\n<meta property=\"og:type\" content=\"article\" \/>\n<meta property=\"og:title\" content=\"nabogo | Jobb\" \/>\n<meta property=\"og:description\" content=\"Jobb hos nabogo Takk for at du titter innom jobbsiden v\u00e5r. N\u00e5r vi har ledige jobber, publiserer vi dem her. Hvis det ikke er noen ledig jobb for tiden, men du gjerne vil arbeide med oss, h\u00f8rer vi ogs\u00e5 gjerne fra deg. I s\u00e5 fall er du velkommen til \u00e5 sende oss en mail: job@nabogo.com [&hellip;]\" \/>\n<meta property=\"og:url\" content=\"https:\/\/nabogo.com\/no\/jobb\/\" \/>\n<meta property=\"og:site_name\" content=\"nabogo\" \/>\n<meta property=\"article:publisher\" content=\"https:\/\/www.facebook.com\/nabogo.dk\/\" \/>\n<meta property=\"article:modified_time\" content=\"2025-07-29T11:41:45+00:00\" \/>\n<meta property=\"og:image\" content=\"https:\/\/nabogo.com\/wp-content\/uploads\/2022\/08\/gymnaster.png\" \/>\n\t<meta property=\"og:image:width\" content=\"816\" \/>\n\t<meta property=\"og:image:height\" content=\"1023\" \/>\n\t<meta property=\"og:image:type\" content=\"image\/png\" \/>\n<meta name=\"twitter:card\" content=\"summary_large_image\" \/>\n<meta name=\"twitter:site\" content=\"@go_nabo\" \/>\n<meta name=\"twitter:label1\" content=\"Ansl. lesetid\" \/>\n\t<meta name=\"twitter:data1\" content=\"1 minutt\" \/>\n<script type=\"application\/ld+json\" class=\"yoast-schema-graph\">{\"@context\":\"https:\\\/\\\/schema.org\",\"@graph\":[{\"@type\":\"WebPage\",\"@id\":\"https:\\\/\\\/nabogo.com\\\/no\\\/jobb\\\/\",\"url\":\"https:\\\/\\\/nabogo.com\\\/no\\\/jobb\\\/\",\"name\":\"nabogo | Jobb\",\"isPartOf\":{\"@id\":\"https:\\\/\\\/nabogo.com\\\/no\\\/#website\"},\"primaryImageOfPage\":{\"@id\":\"https:\\\/\\\/nabogo.com\\\/no\\\/jobb\\\/#primaryimage\"},\"image\":{\"@id\":\"https:\\\/\\\/nabogo.com\\\/no\\\/jobb\\\/#primaryimage\"},\"thumbnailUrl\":\"https:\\\/\\\/nabogo.com\\\/wp-content\\\/uploads\\\/2022\\\/08\\\/gymnaster.png\",\"datePublished\":\"2022-07-15T09:49:13+00:00\",\"dateModified\":\"2025-07-29T11:41:45+00:00\",\"breadcrumb\":{\"@id\":\"https:\\\/\\\/nabogo.com\\\/no\\\/jobb\\\/#breadcrumb\"},\"inLanguage\":\"nb-NO\",\"potentialAction\":[{\"@type\":\"ReadAction\",\"target\":[\"https:\\\/\\\/nabogo.com\\\/no\\\/jobb\\\/\"]}]},{\"@type\":\"ImageObject\",\"inLanguage\":\"nb-NO\",\"@id\":\"https:\\\/\\\/nabogo.com\\\/no\\\/jobb\\\/#primaryimage\",\"url\":\"https:\\\/\\\/nabogo.com\\\/wp-content\\\/uploads\\\/2022\\\/08\\\/gymnaster.png\",\"contentUrl\":\"https:\\\/\\\/nabogo.com\\\/wp-content\\\/uploads\\\/2022\\\/08\\\/gymnaster.png\"},{\"@type\":\"BreadcrumbList\",\"@id\":\"https:\\\/\\\/nabogo.com\\\/no\\\/jobb\\\/#breadcrumb\",\"itemListElement\":[{\"@type\":\"ListItem\",\"position\":1,\"name\":\"Hjem\",\"item\":\"https:\\\/\\\/nabogo.com\\\/no\\\/\"},{\"@type\":\"ListItem\",\"position\":2,\"name\":\"Jobb\"}]},{\"@type\":\"WebSite\",\"@id\":\"https:\\\/\\\/nabogo.com\\\/no\\\/#website\",\"url\":\"https:\\\/\\\/nabogo.com\\\/no\\\/\",\"name\":\"nabogo\",\"description\":\"nabogo \u2013 lokal samk\u00f8rsel\",\"publisher\":{\"@id\":\"https:\\\/\\\/nabogo.com\\\/no\\\/#organization\"},\"potentialAction\":[{\"@type\":\"SearchAction\",\"target\":{\"@type\":\"EntryPoint\",\"urlTemplate\":\"https:\\\/\\\/nabogo.com\\\/no\\\/?s={search_term_string}\"},\"query-input\":{\"@type\":\"PropertyValueSpecification\",\"valueRequired\":true,\"valueName\":\"search_term_string\"}}],\"inLanguage\":\"nb-NO\"},{\"@type\":\"Organization\",\"@id\":\"https:\\\/\\\/nabogo.com\\\/no\\\/#organization\",\"name\":\"NaboGO\",\"url\":\"https:\\\/\\\/nabogo.com\\\/no\\\/\",\"logo\":{\"@type\":\"ImageObject\",\"inLanguage\":\"nb-NO\",\"@id\":\"https:\\\/\\\/nabogo.com\\\/no\\\/#\\\/schema\\\/logo\\\/image\\\/\",\"url\":\"\",\"contentUrl\":\"\",\"caption\":\"NaboGO\"},\"image\":{\"@id\":\"https:\\\/\\\/nabogo.com\\\/no\\\/#\\\/schema\\\/logo\\\/image\\\/\"},\"sameAs\":[\"https:\\\/\\\/www.facebook.com\\\/nabogo.dk\\\/\",\"https:\\\/\\\/x.com\\\/go_nabo\",\"https:\\\/\\\/www.instagram.com\\\/nabogo_official\\\/?hl=da\",\"https:\\\/\\\/www.linkedin.com\\\/company\\\/nabotrailer\\\/\"]}]}<\/script>\n<!-- \/ Yoast SEO plugin. -->","yoast_head_json":{"title":"nabogo | Jobb","robots":{"index":"index","follow":"follow","max-snippet":"max-snippet:-1","max-image-preview":"max-image-preview:large","max-video-preview":"max-video-preview:-1"},"canonical":"https:\/\/nabogo.com\/no\/jobb\/","og_locale":"nb_NO","og_type":"article","og_title":"nabogo | Jobb","og_description":"Jobb hos nabogo Takk for at du titter innom jobbsiden v\u00e5r. N\u00e5r vi har ledige jobber, publiserer vi dem her. Hvis det ikke er noen ledig jobb for tiden, men du gjerne vil arbeide med oss, h\u00f8rer vi ogs\u00e5 gjerne fra deg. I s\u00e5 fall er du velkommen til \u00e5 sende oss en mail: job@nabogo.com [&hellip;]","og_url":"https:\/\/nabogo.com\/no\/jobb\/","og_site_name":"nabogo","article_publisher":"https:\/\/www.facebook.com\/nabogo.dk\/","article_modified_time":"2025-07-29T11:41:45+00:00","og_image":[{"width":816,"height":1023,"url":"https:\/\/nabogo.com\/wp-content\/uploads\/2022\/08\/gymnaster.png","type":"image\/png"}],"twitter_card":"summary_large_image","twitter_site":"@go_nabo","twitter_misc":{"Ansl. lesetid":"1 minutt"},"schema":{"@context":"https:\/\/schema.org","@graph":[{"@type":"WebPage","@id":"https:\/\/nabogo.com\/no\/jobb\/","url":"https:\/\/nabogo.com\/no\/jobb\/","name":"nabogo | Jobb","isPartOf":{"@id":"https:\/\/nabogo.com\/no\/#website"},"primaryImageOfPage":{"@id":"https:\/\/nabogo.com\/no\/jobb\/#primaryimage"},"image":{"@id":"https:\/\/nabogo.com\/no\/jobb\/#primaryimage"},"thumbnailUrl":"https:\/\/nabogo.com\/wp-content\/uploads\/2022\/08\/gymnaster.png","datePublished":"2022-07-15T09:49:13+00:00","dateModified":"2025-07-29T11:41:45+00:00","breadcrumb":{"@id":"https:\/\/nabogo.com\/no\/jobb\/#breadcrumb"},"inLanguage":"nb-NO","potentialAction":[{"@type":"ReadAction","target":["https:\/\/nabogo.com\/no\/jobb\/"]}]},{"@type":"ImageObject","inLanguage":"nb-NO","@id":"https:\/\/nabogo.com\/no\/jobb\/#primaryimage","url":"https:\/\/nabogo.com\/wp-content\/uploads\/2022\/08\/gymnaster.png","contentUrl":"https:\/\/nabogo.com\/wp-content\/uploads\/2022\/08\/gymnaster.png"},{"@type":"BreadcrumbList","@id":"https:\/\/nabogo.com\/no\/jobb\/#breadcrumb","itemListElement":[{"@type":"ListItem","position":1,"name":"Hjem","item":"https:\/\/nabogo.com\/no\/"},{"@type":"ListItem","position":2,"name":"Jobb"}]},{"@type":"WebSite","@id":"https:\/\/nabogo.com\/no\/#website","url":"https:\/\/nabogo.com\/no\/","name":"nabogo","description":"nabogo \u2013 lokal samk\u00f8rsel","publisher":{"@id":"https:\/\/nabogo.com\/no\/#organization"},"potentialAction":[{"@type":"SearchAction","target":{"@type":"EntryPoint","urlTemplate":"https:\/\/nabogo.com\/no\/?s={search_term_string}"},"query-input":{"@type":"PropertyValueSpecification","valueRequired":true,"valueName":"search_term_string"}}],"inLanguage":"nb-NO"},{"@type":"Organization","@id":"https:\/\/nabogo.com\/no\/#organization","name":"NaboGO","url":"https:\/\/nabogo.com\/no\/","logo":{"@type":"ImageObject","inLanguage":"nb-NO","@id":"https:\/\/nabogo.com\/no\/#\/schema\/logo\/image\/","url":"","contentUrl":"","caption":"NaboGO"},"image":{"@id":"https:\/\/nabogo.com\/no\/#\/schema\/logo\/image\/"},"sameAs":["https:\/\/www.facebook.com\/nabogo.dk\/","https:\/\/x.com\/go_nabo","https:\/\/www.instagram.com\/nabogo_official\/?hl=da","https:\/\/www.linkedin.com\/company\/nabotrailer\/"]}]}},"_links":{"self":[{"href":"https:\/\/nabogo.com\/no\/wp-json\/wp\/v2\/pages\/12994","targetHints":{"allow":["GET"]}}],"collection":[{"href":"https:\/\/nabogo.com\/no\/wp-json\/wp\/v2\/pages"}],"about":[{"href":"https:\/\/nabogo.com\/no\/wp-json\/wp\/v2\/types\/page"}],"author":[{"embeddable":true,"href":"https:\/\/nabogo.com\/no\/wp-json\/wp\/v2\/users\/8"}],"replies":[{"embeddable":true,"href":"https:\/\/nabogo.com\/no\/wp-json\/wp\/v2\/comments?post=12994"}],"version-history":[{"count":26,"href":"https:\/\/nabogo.com\/no\/wp-json\/wp\/v2\/pages\/12994\/revisions"}],"predecessor-version":[{"id":28879,"href":"https:\/\/nabogo.com\/no\/wp-json\/wp\/v2\/pages\/12994\/revisions\/28879"}],"wp:attachment":[{"href":"https:\/\/nabogo.com\/no\/wp-json\/wp\/v2\/media?parent=12994"}],"curies":[{"name":"wp","href":"https:\/\/api.w.org\/{rel}","templated":true}]}}